{"id":4676,"date":"2024-07-30T09:12:21","date_gmt":"2024-07-30T07:12:21","guid":{"rendered":"https:\/\/www.ioho.com\/magento-for-fashion\/"},"modified":"2024-07-30T09:12:23","modified_gmt":"2024-07-30T07:12:23","slug":"magento-for-fashion","status":"publish","type":"page","link":"https:\/\/www.ioho.com\/en\/magento-for-fashion\/","title":{"rendered":"Magento for Fashion"},"content":{"rendered":"<h2 style=\"margin-bottom: 30px;\">Tre modelli di gestione dell&#8217;e-commerce.&#13;<br \/>\nPerch\u00e8 le aziende non sono tutte uguali.<\/h2>\n<p>&#13;<\/p>\n<h2 style=\"margin-bottom: 30px;\">Progettazione e realizzazione sito e-commerce<\/h2>\n<p>&#13;<br \/>\nSe il vostro obiettivo \u00e8 gestire internamente le attivit\u00e0 e-commerce progettiamo e sviluppiamo la migliore soluzione tecnologica basata su Magento e la integriamo con l&#8217;ERP aziendale e con altri sistemi di terze parti.&#13;<br \/>\n&#13;<br \/>\nPossiamo aiutarvi a identificare il miglior modello per la vostra azienda , individuare la soluzione tecnologica pi\u00f9 adatta alle vostre esigenze, sincronizzare i canali di vendita online e offline, formare il vostro personale e supportarvi negli sviluppi successivi del business con piani di assistenza e di miglioramento continuo.&#13;<\/p>\n<h2 style=\"margin-bottom: 30px;\">Gestione e-commerce in full outsourcing<\/h2>\n<p>&#13;<br \/>\nSe volete esternalizzare completamente le attivit\u00e0 e-commerce possiamo offrirvi una soluzione di full service e occuparci di tutto, con un modello basato sui risultati di vendita.&#13;<br \/>\n&#13;<br \/>\nPer alcune aziende la vendita diretta ai consumatori non rientra nelle attivit\u00e0 &#8220;core&#8221;. Il sito e-commerce \u00e8 per\u00f2 indispensabile per garantire un adeguato livello di servizio a tutti i consumatori, raggiungere mercati non coperti dalla distribuzione tradizionale e posizionare in modo corretto il brand.&#13;<br \/>\n&#13;<br \/>\nPossiamo realizzare e gestire il vostro sito e-commerce Magento, garantendogli piena operativit\u00e0 in tempi ridotti e gestendo tutte le attivit\u00e0 operative: fatturazione, magazzino, spedizioni, servizio clienti, store management e web marketing nel rispetto delle vostre politiche di prezzo e di comunicazione.&#13;<\/p>\n<h2 style=\"margin-bottom: 30px;\">Gestione outsourcing e-commerce personalizzato<\/h2>\n<p>&#13;<br \/>\nOgni azienda ha obiettivi e necessit\u00e0 diverse: per questo costruiamo soluzioni personalizzate su misura per il cliente che vuole gestire internamente le attivit\u00e0 pi\u00f9 strategiche e in outsourcing le altre.&#13;<br \/>\n&#13;<br \/>\nMolte aziende hanno necessit\u00e0 di mantenere l&#8217;attivit\u00e0 e-commerce all&#8217;interno dell&#8217;azienda, ma per motivi di costi, tempi e scarsit\u00e0 di risorse interne che dispongano di tutte le competenze necessarie, preferiscono terziarizzare alcune delle attivit\u00e0 operative.&#13;<br \/>\n&#13;<br \/>\nPossiamo sviluppare il vostro progetto e-commerce Magento garantendo il miglior mix tra insourcing e outsourcing, in base alle vostre esigenze attuali e agli sviluppi futuri e accompagnando la vostra azienda in un percorso evolutivo che permetta di salvaguardare l&#8217;investimento iniziale e di crescere gradualmente.&#13;<\/p>\n\n<p><\/p>\n","protected":false},"excerpt":{"rendered":"","protected":false},"author":1,"featured_media":0,"parent":0,"menu_order":0,"comment_status":"closed","ping_status":"closed","template":"","meta":{"inline_featured_image":false,"footnotes":""},"class_list":["post-4676","page","type-page","status-publish","hentry"],"yoast_head":"<!-- This site is optimized with the Yoast SEO plugin v23.2 - https:\/\/yoast.com\/wordpress\/plugins\/seo\/ -->\n<title>Magento for Fashion - IOHO<\/title>\n<meta name=\"robots\" content=\"index, follow, max-snippet:-1, max-image-preview:large, max-video-preview:-1\" \/>\n<link rel=\"canonical\" href=\"https:\/\/www.ioho.com\/en\/magento-for-fashion\/\" \/>\n<meta property=\"og:locale\" content=\"en_US\" \/>\n<meta property=\"og:type\" content=\"article\" \/>\n<meta property=\"og:title\" content=\"Magento for Fashion - IOHO\" \/>\n<meta property=\"og:url\" content=\"https:\/\/www.ioho.com\/en\/magento-for-fashion\/\" \/>\n<meta property=\"og:site_name\" content=\"IOHO\" \/>\n<meta property=\"article:modified_time\" content=\"2024-07-30T07:12:23+00:00\" \/>\n<meta name=\"twitter:card\" content=\"summary_large_image\" \/>\n<meta name=\"twitter:label1\" content=\"Est. reading time\" \/>\n\t<meta name=\"twitter:data1\" content=\"2 minutes\" \/>\n<script type=\"application\/ld+json\" class=\"yoast-schema-graph\">{\"@context\":\"https:\/\/schema.org\",\"@graph\":[{\"@type\":\"WebPage\",\"@id\":\"https:\/\/www.ioho.com\/en\/magento-for-fashion\/\",\"url\":\"https:\/\/www.ioho.com\/en\/magento-for-fashion\/\",\"name\":\"Magento for Fashion - IOHO\",\"isPartOf\":{\"@id\":\"https:\/\/www.ioho.com\/en\/#website\"},\"datePublished\":\"2024-07-30T07:12:21+00:00\",\"dateModified\":\"2024-07-30T07:12:23+00:00\",\"breadcrumb\":{\"@id\":\"https:\/\/www.ioho.com\/en\/magento-for-fashion\/#breadcrumb\"},\"inLanguage\":\"en-US\",\"potentialAction\":[{\"@type\":\"ReadAction\",\"target\":[\"https:\/\/www.ioho.com\/en\/magento-for-fashion\/\"]}]},{\"@type\":\"BreadcrumbList\",\"@id\":\"https:\/\/www.ioho.com\/en\/magento-for-fashion\/#breadcrumb\",\"itemListElement\":[{\"@type\":\"ListItem\",\"position\":1,\"name\":\"Home\",\"item\":\"https:\/\/www.ioho.com\/en\/home\/\"},{\"@type\":\"ListItem\",\"position\":2,\"name\":\"Magento for Fashion\"}]},{\"@type\":\"WebSite\",\"@id\":\"https:\/\/www.ioho.com\/en\/#website\",\"url\":\"https:\/\/www.ioho.com\/en\/\",\"name\":\"IOHO\",\"description\":\"\",\"potentialAction\":[{\"@type\":\"SearchAction\",\"target\":{\"@type\":\"EntryPoint\",\"urlTemplate\":\"https:\/\/www.ioho.com\/en\/?s={search_term_string}\"},\"query-input\":\"required name=search_term_string\"}],\"inLanguage\":\"en-US\"}]}<\/script>\n<!-- \/ Yoast SEO plugin. -->","yoast_head_json":{"title":"Magento for Fashion - IOHO","robots":{"index":"index","follow":"follow","max-snippet":"max-snippet:-1","max-image-preview":"max-image-preview:large","max-video-preview":"max-video-preview:-1"},"canonical":"https:\/\/www.ioho.com\/en\/magento-for-fashion\/","og_locale":"en_US","og_type":"article","og_title":"Magento for Fashion - IOHO","og_url":"https:\/\/www.ioho.com\/en\/magento-for-fashion\/","og_site_name":"IOHO","article_modified_time":"2024-07-30T07:12:23+00:00","twitter_card":"summary_large_image","twitter_misc":{"Est. reading time":"2 minutes"},"schema":{"@context":"https:\/\/schema.org","@graph":[{"@type":"WebPage","@id":"https:\/\/www.ioho.com\/en\/magento-for-fashion\/","url":"https:\/\/www.ioho.com\/en\/magento-for-fashion\/","name":"Magento for Fashion - IOHO","isPartOf":{"@id":"https:\/\/www.ioho.com\/en\/#website"},"datePublished":"2024-07-30T07:12:21+00:00","dateModified":"2024-07-30T07:12:23+00:00","breadcrumb":{"@id":"https:\/\/www.ioho.com\/en\/magento-for-fashion\/#breadcrumb"},"inLanguage":"en-US","potentialAction":[{"@type":"ReadAction","target":["https:\/\/www.ioho.com\/en\/magento-for-fashion\/"]}]},{"@type":"BreadcrumbList","@id":"https:\/\/www.ioho.com\/en\/magento-for-fashion\/#breadcrumb","itemListElement":[{"@type":"ListItem","position":1,"name":"Home","item":"https:\/\/www.ioho.com\/en\/home\/"},{"@type":"ListItem","position":2,"name":"Magento for Fashion"}]},{"@type":"WebSite","@id":"https:\/\/www.ioho.com\/en\/#website","url":"https:\/\/www.ioho.com\/en\/","name":"IOHO","description":"","potentialAction":[{"@type":"SearchAction","target":{"@type":"EntryPoint","urlTemplate":"https:\/\/www.ioho.com\/en\/?s={search_term_string}"},"query-input":"required name=search_term_string"}],"inLanguage":"en-US"}]}},"_links":{"self":[{"href":"https:\/\/www.ioho.com\/en\/wp-json\/wp\/v2\/pages\/4676"}],"collection":[{"href":"https:\/\/www.ioho.com\/en\/wp-json\/wp\/v2\/pages"}],"about":[{"href":"https:\/\/www.ioho.com\/en\/wp-json\/wp\/v2\/types\/page"}],"author":[{"embeddable":true,"href":"https:\/\/www.ioho.com\/en\/wp-json\/wp\/v2\/users\/1"}],"replies":[{"embeddable":true,"href":"https:\/\/www.ioho.com\/en\/wp-json\/wp\/v2\/comments?post=4676"}],"version-history":[{"count":1,"href":"https:\/\/www.ioho.com\/en\/wp-json\/wp\/v2\/pages\/4676\/revisions"}],"predecessor-version":[{"id":4677,"href":"https:\/\/www.ioho.com\/en\/wp-json\/wp\/v2\/pages\/4676\/revisions\/4677"}],"wp:attachment":[{"href":"https:\/\/www.ioho.com\/en\/wp-json\/wp\/v2\/media?parent=4676"}],"curies":[{"name":"wp","href":"https:\/\/api.w.org\/{rel}","templated":true}]}}