{"id":4666,"date":"2024-07-30T09:10:03","date_gmt":"2024-07-30T07:10:03","guid":{"rendered":"https:\/\/www.ioho.com\/servizi-e-commerce\/tecnologia-magento\/"},"modified":"2024-08-06T15:55:49","modified_gmt":"2024-08-06T13:55:49","slug":"tecnologia-magento","status":"publish","type":"page","link":"https:\/\/www.ioho.com\/en\/servizi-e-commerce\/tecnologia-magento\/","title":{"rendered":"Tecnologia Magento"},"content":{"rendered":"\n<h2 class=\"wp-block-heading\">Sviluppo Magento<\/h2>\n\n<p>IOHO Srl \u00e8 un <strong>partner ufficiale Magento<\/strong>\u00a0con anni di specializzazione nello sviluppo della piattaforma e-commerce pi\u00f9 diffusa al mondo. Sviluppiamo sia sulla versione open source <strong>Magento Community<\/strong> che sulla versione con licenza\u00a0<strong>Magento Enterprise<\/strong> grazie ad un team composto esclusivamente da <strong>sviluppatori certificati Magento<\/strong>.<\/p>\n\n<p>Magento \u00e8 una piattaforma multilingua, multivaluta, multistore con una vastissima gamma di funzionalit\u00e0, totalmente personalizzabile e integrabile che permette di soddisfare le necessit\u00e0 di qualsiasi tipologia di azienda in qualsiasi settore.<\/p>\n\n<p>L&#8217;esperienza di IOHO Srl nello\u00a0<strong>sviluppo di Magento<\/strong> si estende a settori molto diversi: fashion, cosmesi, design, food &amp; wine, articoli per l&#8217;infanzia, elettronica e prodotti digitali<\/p>\n\n<figure class=\"wp-block-image size-full\"><img decoding=\"async\" width=\"640\" height=\"480\" src=\"https:\/\/www.ioho.com\/wp-content\/uploads\/2024\/07\/sviluppo-magento-maschera.png\" alt=\"\" class=\"wp-image-4470\" srcset=\"https:\/\/www.ioho.com\/wp-content\/uploads\/2024\/07\/sviluppo-magento-maschera.png 640w, https:\/\/www.ioho.com\/wp-content\/uploads\/2024\/07\/sviluppo-magento-maschera-300x225.png 300w\" sizes=\"(max-width: 640px) 100vw, 640px\" \/><\/figure>\n\n<p><\/p>\n\n<h2 class=\"wp-block-heading\">Moduli Magento<\/h2>\n\n<p>Uno dei punti di forza di Magento \u00e8 la <strong>possibilit\u00e0 di estenderne le funzioni con moduli e plugin<\/strong>. La diffusione e popolarit\u00e0 di Magento ha fatto s\u00ec che sia nato un &#8220;ecosistema&#8221; di aziende che sviluppano moduli permettendo a chi usa Magento di poter aggiungere funzionalit\u00e0 con tempi e costi ridotti.<\/p>\n\n<p><strong>Abbiamo sviluppato moduli di integrazione<\/strong> con i principali <strong>corrieri<\/strong> quali BRT, UPS, DHL e SDA, con <strong>sistemi di pagament<\/strong>o quali BNL, Setefi, CartaSi e Banca Sella oltre che con <strong>ERP e gestionali<\/strong> nazionali e internazionali. Magento non ha la funzionalit\u00e0 che serve per la vostra azienda? Nessun problema, la sviluppiamo noi :-)<\/p>\n\n<p>IOHO Srl inoltre <strong>rivende, installa e fornisce assistenza su moduli di terze parti<\/strong> grazie ai rapporti di partnership con i\u00a0principali produttori internazionali di plugin Magento.<\/p>\n\n<figure class=\"wp-block-image size-full\"><img decoding=\"async\" width=\"640\" height=\"480\" src=\"https:\/\/www.ioho.com\/wp-content\/uploads\/2024\/07\/moduli_magento-maschera.png\" alt=\"\" class=\"wp-image-4298\" srcset=\"https:\/\/www.ioho.com\/wp-content\/uploads\/2024\/07\/moduli_magento-maschera.png 640w, https:\/\/www.ioho.com\/wp-content\/uploads\/2024\/07\/moduli_magento-maschera-300x225.png 300w\" sizes=\"(max-width: 640px) 100vw, 640px\" \/><\/figure>\n\n<p><\/p>\n\n<h2 class=\"wp-block-heading\">Integrazioni Magento<\/h2>\n\n<p>Il successo di un progetto di vendita online non dipende solo dalle\u00a0caratteristiche del\u00a0sito e-commerce, ma in misura rilevante anche dalla sua integrazione\u00a0con i programmi gestionali, di magazzino e contabili.<\/p>\n\n<p>Magento \u00e8 la piattaforma ideale per essere integrata con altri sistemi e IOHO Srl ha una vastissima esperienza in questo ambito. <strong>Abbiamo integrato Magento con i principali ERP e gestionali italiani e internazionali: SAP, Microsoft Dynamics NAV, SYS-DAT, Team System, Onda, gestionali su AS\/400.<\/strong><\/p>\n\n<p>IOHO Srl ha anche sviluppato moduli di integrazione con sistemi di gestione retail POS, sistemi di gestione gift card, piattaforme di email marketing, marketplace e molti altri sistemi.<\/p>\n\n<figure class=\"wp-block-image size-full\"><img decoding=\"async\" width=\"640\" height=\"480\" src=\"https:\/\/www.ioho.com\/wp-content\/uploads\/2024\/07\/integrazioni-magento-maschera.png\" alt=\"\" class=\"wp-image-4140\" srcset=\"https:\/\/www.ioho.com\/wp-content\/uploads\/2024\/07\/integrazioni-magento-maschera.png 640w, https:\/\/www.ioho.com\/wp-content\/uploads\/2024\/07\/integrazioni-magento-maschera-300x225.png 300w\" sizes=\"(max-width: 640px) 100vw, 640px\" \/><\/figure>\n\n<p><\/p>\n\n<h2 class=\"wp-block-heading\">Hosting Magento<\/h2>\n\n<p>La divisione hosting Magento di IOHO Srl <strong>progetta, realizza e gestisce infrastrutture di hosting con prestazioni ottimizzate per Magento<\/strong>. Magento \u00e8 una piattaforma complessa e le prestazioni sono molto influenzate dalla configurazione dell&#8217;infrastruttura oltre che dalla presenza di strumenti di caching.<\/p>\n\n<p>IOHO Srl <strong>pu\u00f2 operare\u00a0sulla vostra infrastruttura<\/strong> con \u00a0interventi di ottimizzazione e fine tuning o <strong>fornire soluzioni di hosting ottimizzato Magento<\/strong> sia su server fisici in server farm in Italia e all&#8217;estero che su cloud globali.<\/p>\n\n<p><strong>IOHO Srl \u00e8 uno dei primi partner Google Cloud in Italia<\/strong>.<\/p>\n\n<figure class=\"wp-block-image size-full\"><img decoding=\"async\" width=\"640\" height=\"480\" src=\"https:\/\/www.ioho.com\/wp-content\/uploads\/2024\/07\/hosting-magento-maschera.png\" alt=\"\" class=\"wp-image-4114\" srcset=\"https:\/\/www.ioho.com\/wp-content\/uploads\/2024\/07\/hosting-magento-maschera.png 640w, https:\/\/www.ioho.com\/wp-content\/uploads\/2024\/07\/hosting-magento-maschera-300x225.png 300w\" sizes=\"(max-width: 640px) 100vw, 640px\" \/><\/figure>\n\n<p><\/p>\n\n<h2 class=\"wp-block-heading\">Manutenzione e Assistenza Magento<\/h2>\n\n<p>Avete gi\u00e0 un sito Magento ma siete insoddisfatti dell&#8217;assistenza che ricevete? Il vostro sito Magento \u00e8 stato oggetto di un attacco hacker? Dovete fare degli interventi di miglioramento del vostro sito e-commerce, fare delle configurazioni particolari o installare dei nuovi moduli? IOHO Srl pu\u00f2 intervenire e fornirvi la necessaria assistenza.<\/p>\n\n<p>I <strong>contratti di manutenzione Magento<\/strong> che accompagnano ogni nostro progetto dopo il go live, ma attivabili anche su siti Magento non sviluppati da IOHO Srl, garantiscono al cliente che la piattaforma sia sempre aggiornata e che tutte le patch di sicurezza vengano installate riducendo il rischio di attacchi.<\/p>\n\n<p>I\u00a0<strong>contratti di assistenza Magento<\/strong> sono pacchetti orari utilizzabili con grande flessibilit\u00e0 dai clienti per ogni tipo di intervento software o sul frontend del sito, di configurazione Magento o di assistenza e formazione al vostro personale.<\/p>\n\n<figure class=\"wp-block-image size-full\"><img decoding=\"async\" width=\"640\" height=\"480\" src=\"https:\/\/www.ioho.com\/wp-content\/uploads\/2024\/07\/manutenzione-assistenza-magento-maschera.png\" alt=\"\" class=\"wp-image-4252\" srcset=\"https:\/\/www.ioho.com\/wp-content\/uploads\/2024\/07\/manutenzione-assistenza-magento-maschera.png 640w, https:\/\/www.ioho.com\/wp-content\/uploads\/2024\/07\/manutenzione-assistenza-magento-maschera-300x225.png 300w\" sizes=\"(max-width: 640px) 100vw, 640px\" \/><\/figure>\n\n<p><\/p>\n\n<h2 class=\"wp-block-heading\">Connettivit\u00e0 in fibra<\/h2>\n\n<p>Gestire un&#8217;attivit\u00e0 e-commerce\u00a0significa essere sempre connessi, lavorare continuamente su\u00a0Magento e su altri servizi\u00a0erogati via web: le prestazioni e l&#8217;affidabilit\u00e0 della connessione internet utilizzata dai collaboratori per operare sulle piattaforme ha una ricaduta immediata sulla produttivit\u00e0 dell&#8217;azienda.<\/p>\n\n<p>Per questi motivi IOHO Srl ha completato la sua offerta tecnologica con <strong>servizi di connettivit\u00e0 professionale in fibra ottica grazie alla partnership con E-Via, societ\u00e0 del gruppo Retelit,\u00a0<\/strong>gli stessi che usiamo anche noi quotidianamente.<\/p>\n\n<p>Il servizio \u00e8 disponibile nelle seguenti citt\u00e0:\u00a0Milano, Roma, Torino, Padova, Bologna, Reggio Emilia, Treviso, Napoli e Bari<\/p>\n\n<figure class=\"wp-block-image size-full\"><img decoding=\"async\" width=\"640\" height=\"480\" src=\"https:\/\/www.ioho.com\/wp-content\/uploads\/2024\/07\/connettivita-fibra-maschera.png\" alt=\"\" class=\"wp-image-3958\" srcset=\"https:\/\/www.ioho.com\/wp-content\/uploads\/2024\/07\/connettivita-fibra-maschera.png 640w, https:\/\/www.ioho.com\/wp-content\/uploads\/2024\/07\/connettivita-fibra-maschera-300x225.png 300w\" sizes=\"(max-width: 640px) 100vw, 640px\" \/><\/figure>\n","protected":false},"excerpt":{"rendered":"<p>Sviluppo Magento IOHO Srl \u00e8 un partner ufficiale Magento\u00a0con anni di specializzazione nello sviluppo della piattaforma e-commerce pi\u00f9 diffusa al mondo. Sviluppiamo sia sulla versione open source Magento Community che sulla versione con licenza\u00a0Magento Enterprise grazie ad un team composto esclusivamente da sviluppatori certificati Magento. Magento \u00e8 una piattaforma multilingua, multivaluta, multistore con una vastissima [&hellip;]<\/p>\n","protected":false},"author":1,"featured_media":0,"parent":4646,"menu_order":0,"comment_status":"closed","ping_status":"closed","template":"","meta":{"inline_featured_image":false,"footnotes":""},"class_list":["post-4666","page","type-page","status-publish","hentry"],"yoast_head":"<!-- This site is optimized with the Yoast SEO plugin v23.2 - https:\/\/yoast.com\/wordpress\/plugins\/seo\/ -->\n<title>Tecnologia e sviluppo Magento - Tunda \/ IOHO Srl Partner Magento<\/title>\n<meta name=\"description\" content=\"Tunda.com \/ IOHO Srl \u00e8 uno specialista della piattaforma Magento, partner ufficiale di Magento in Italia, esperti nello sviluppo Magento e nella sua personalizzazione\" \/>\n<meta name=\"robots\" content=\"index, follow, max-snippet:-1, max-image-preview:large, max-video-preview:-1\" \/>\n<link rel=\"canonical\" href=\"https:\/\/www.ioho.com\/en\/servizi-e-commerce\/tecnologia-magento\/\" \/>\n<meta property=\"og:locale\" content=\"en_US\" \/>\n<meta property=\"og:type\" content=\"article\" \/>\n<meta property=\"og:title\" content=\"Tecnologia e sviluppo Magento - Tunda \/ IOHO Srl Partner Magento\" \/>\n<meta property=\"og:description\" content=\"Tunda.com \/ IOHO Srl \u00e8 uno specialista della piattaforma Magento, partner ufficiale di Magento in Italia, esperti nello sviluppo Magento e nella sua personalizzazione\" \/>\n<meta property=\"og:url\" content=\"https:\/\/www.ioho.com\/en\/servizi-e-commerce\/tecnologia-magento\/\" \/>\n<meta property=\"og:site_name\" content=\"IOHO\" \/>\n<meta property=\"article:modified_time\" content=\"2024-08-06T13:55:49+00:00\" \/>\n<meta property=\"og:image\" content=\"https:\/\/www.ioho.com\/wp-content\/uploads\/2024\/07\/sviluppo-magento-maschera.png\" \/>\n<meta name=\"twitter:card\" content=\"summary_large_image\" \/>\n<meta name=\"twitter:label1\" content=\"Est. reading time\" \/>\n\t<meta name=\"twitter:data1\" content=\"5 minutes\" \/>\n<script type=\"application\/ld+json\" class=\"yoast-schema-graph\">{\"@context\":\"https:\/\/schema.org\",\"@graph\":[{\"@type\":\"WebPage\",\"@id\":\"https:\/\/www.ioho.com\/en\/servizi-e-commerce\/tecnologia-magento\/\",\"url\":\"https:\/\/www.ioho.com\/en\/servizi-e-commerce\/tecnologia-magento\/\",\"name\":\"Tecnologia e sviluppo Magento - Tunda \/ IOHO Srl Partner Magento\",\"isPartOf\":{\"@id\":\"https:\/\/www.ioho.com\/en\/#website\"},\"primaryImageOfPage\":{\"@id\":\"https:\/\/www.ioho.com\/en\/servizi-e-commerce\/tecnologia-magento\/#primaryimage\"},\"image\":{\"@id\":\"https:\/\/www.ioho.com\/en\/servizi-e-commerce\/tecnologia-magento\/#primaryimage\"},\"thumbnailUrl\":\"https:\/\/www.ioho.com\/wp-content\/uploads\/2024\/07\/sviluppo-magento-maschera.png\",\"datePublished\":\"2024-07-30T07:10:03+00:00\",\"dateModified\":\"2024-08-06T13:55:49+00:00\",\"description\":\"Tunda.com \/ IOHO Srl \u00e8 uno specialista della piattaforma Magento, partner ufficiale di Magento in Italia, esperti nello sviluppo Magento e nella sua personalizzazione\",\"breadcrumb\":{\"@id\":\"https:\/\/www.ioho.com\/en\/servizi-e-commerce\/tecnologia-magento\/#breadcrumb\"},\"inLanguage\":\"en-US\",\"potentialAction\":[{\"@type\":\"ReadAction\",\"target\":[\"https:\/\/www.ioho.com\/en\/servizi-e-commerce\/tecnologia-magento\/\"]}]},{\"@type\":\"ImageObject\",\"inLanguage\":\"en-US\",\"@id\":\"https:\/\/www.ioho.com\/en\/servizi-e-commerce\/tecnologia-magento\/#primaryimage\",\"url\":\"https:\/\/www.ioho.com\/wp-content\/uploads\/2024\/07\/sviluppo-magento-maschera.png\",\"contentUrl\":\"https:\/\/www.ioho.com\/wp-content\/uploads\/2024\/07\/sviluppo-magento-maschera.png\"},{\"@type\":\"BreadcrumbList\",\"@id\":\"https:\/\/www.ioho.com\/en\/servizi-e-commerce\/tecnologia-magento\/#breadcrumb\",\"itemListElement\":[{\"@type\":\"ListItem\",\"position\":1,\"name\":\"Home\",\"item\":\"https:\/\/www.ioho.com\/en\/home\/\"},{\"@type\":\"ListItem\",\"position\":2,\"name\":\"Servizi e-commerce\",\"item\":\"https:\/\/www.ioho.com\/en\/servizi-e-commerce\/\"},{\"@type\":\"ListItem\",\"position\":3,\"name\":\"Tecnologia Magento\"}]},{\"@type\":\"WebSite\",\"@id\":\"https:\/\/www.ioho.com\/en\/#website\",\"url\":\"https:\/\/www.ioho.com\/en\/\",\"name\":\"IOHO\",\"description\":\"\",\"potentialAction\":[{\"@type\":\"SearchAction\",\"target\":{\"@type\":\"EntryPoint\",\"urlTemplate\":\"https:\/\/www.ioho.com\/en\/?s={search_term_string}\"},\"query-input\":\"required name=search_term_string\"}],\"inLanguage\":\"en-US\"}]}<\/script>\n<!-- \/ Yoast SEO plugin. -->","yoast_head_json":{"title":"Tecnologia e sviluppo Magento - Tunda \/ IOHO Srl Partner Magento","description":"Tunda.com \/ IOHO Srl \u00e8 uno specialista della piattaforma Magento, partner ufficiale di Magento in Italia, esperti nello sviluppo Magento e nella sua personalizzazione","robots":{"index":"index","follow":"follow","max-snippet":"max-snippet:-1","max-image-preview":"max-image-preview:large","max-video-preview":"max-video-preview:-1"},"canonical":"https:\/\/www.ioho.com\/en\/servizi-e-commerce\/tecnologia-magento\/","og_locale":"en_US","og_type":"article","og_title":"Tecnologia e sviluppo Magento - Tunda \/ IOHO Srl Partner Magento","og_description":"Tunda.com \/ IOHO Srl \u00e8 uno specialista della piattaforma Magento, partner ufficiale di Magento in Italia, esperti nello sviluppo Magento e nella sua personalizzazione","og_url":"https:\/\/www.ioho.com\/en\/servizi-e-commerce\/tecnologia-magento\/","og_site_name":"IOHO","article_modified_time":"2024-08-06T13:55:49+00:00","og_image":[{"url":"https:\/\/www.ioho.com\/wp-content\/uploads\/2024\/07\/sviluppo-magento-maschera.png"}],"twitter_card":"summary_large_image","twitter_misc":{"Est. reading time":"5 minutes"},"schema":{"@context":"https:\/\/schema.org","@graph":[{"@type":"WebPage","@id":"https:\/\/www.ioho.com\/en\/servizi-e-commerce\/tecnologia-magento\/","url":"https:\/\/www.ioho.com\/en\/servizi-e-commerce\/tecnologia-magento\/","name":"Tecnologia e sviluppo Magento - Tunda \/ IOHO Srl Partner Magento","isPartOf":{"@id":"https:\/\/www.ioho.com\/en\/#website"},"primaryImageOfPage":{"@id":"https:\/\/www.ioho.com\/en\/servizi-e-commerce\/tecnologia-magento\/#primaryimage"},"image":{"@id":"https:\/\/www.ioho.com\/en\/servizi-e-commerce\/tecnologia-magento\/#primaryimage"},"thumbnailUrl":"https:\/\/www.ioho.com\/wp-content\/uploads\/2024\/07\/sviluppo-magento-maschera.png","datePublished":"2024-07-30T07:10:03+00:00","dateModified":"2024-08-06T13:55:49+00:00","description":"Tunda.com \/ IOHO Srl \u00e8 uno specialista della piattaforma Magento, partner ufficiale di Magento in Italia, esperti nello sviluppo Magento e nella sua personalizzazione","breadcrumb":{"@id":"https:\/\/www.ioho.com\/en\/servizi-e-commerce\/tecnologia-magento\/#breadcrumb"},"inLanguage":"en-US","potentialAction":[{"@type":"ReadAction","target":["https:\/\/www.ioho.com\/en\/servizi-e-commerce\/tecnologia-magento\/"]}]},{"@type":"ImageObject","inLanguage":"en-US","@id":"https:\/\/www.ioho.com\/en\/servizi-e-commerce\/tecnologia-magento\/#primaryimage","url":"https:\/\/www.ioho.com\/wp-content\/uploads\/2024\/07\/sviluppo-magento-maschera.png","contentUrl":"https:\/\/www.ioho.com\/wp-content\/uploads\/2024\/07\/sviluppo-magento-maschera.png"},{"@type":"BreadcrumbList","@id":"https:\/\/www.ioho.com\/en\/servizi-e-commerce\/tecnologia-magento\/#breadcrumb","itemListElement":[{"@type":"ListItem","position":1,"name":"Home","item":"https:\/\/www.ioho.com\/en\/home\/"},{"@type":"ListItem","position":2,"name":"Servizi e-commerce","item":"https:\/\/www.ioho.com\/en\/servizi-e-commerce\/"},{"@type":"ListItem","position":3,"name":"Tecnologia Magento"}]},{"@type":"WebSite","@id":"https:\/\/www.ioho.com\/en\/#website","url":"https:\/\/www.ioho.com\/en\/","name":"IOHO","description":"","potentialAction":[{"@type":"SearchAction","target":{"@type":"EntryPoint","urlTemplate":"https:\/\/www.ioho.com\/en\/?s={search_term_string}"},"query-input":"required name=search_term_string"}],"inLanguage":"en-US"}]}},"_links":{"self":[{"href":"https:\/\/www.ioho.com\/en\/wp-json\/wp\/v2\/pages\/4666"}],"collection":[{"href":"https:\/\/www.ioho.com\/en\/wp-json\/wp\/v2\/pages"}],"about":[{"href":"https:\/\/www.ioho.com\/en\/wp-json\/wp\/v2\/types\/page"}],"author":[{"embeddable":true,"href":"https:\/\/www.ioho.com\/en\/wp-json\/wp\/v2\/users\/1"}],"replies":[{"embeddable":true,"href":"https:\/\/www.ioho.com\/en\/wp-json\/wp\/v2\/comments?post=4666"}],"version-history":[{"count":1,"href":"https:\/\/www.ioho.com\/en\/wp-json\/wp\/v2\/pages\/4666\/revisions"}],"predecessor-version":[{"id":4667,"href":"https:\/\/www.ioho.com\/en\/wp-json\/wp\/v2\/pages\/4666\/revisions\/4667"}],"up":[{"embeddable":true,"href":"https:\/\/www.ioho.com\/en\/wp-json\/wp\/v2\/pages\/4646"}],"wp:attachment":[{"href":"https:\/\/www.ioho.com\/en\/wp-json\/wp\/v2\/media?parent=4666"}],"curies":[{"name":"wp","href":"https:\/\/api.w.org\/{rel}","templated":true}]}}