{"id":4662,"date":"2024-07-30T09:09:01","date_gmt":"2024-07-30T07:09:01","guid":{"rendered":"https:\/\/www.ioho.com\/servizi-e-commerce\/logistica-e-commerce\/"},"modified":"2024-08-06T15:55:22","modified_gmt":"2024-08-06T13:55:22","slug":"logistica-e-commerce","status":"publish","type":"page","link":"https:\/\/www.ioho.com\/en\/servizi-e-commerce\/logistica-e-commerce\/","title":{"rendered":"Logistica E-Commerce"},"content":{"rendered":"\n<h2 class=\"wp-block-heading\">Logistica E-commerce<\/h2>\n\n<p>La gestione della logistica \u00e8 una delle aree pi\u00f9 critiche di un sito e-commerce e uno dei principali fattori di successo (o insuccesso) di un sito di vendita online.<\/p>\n\n<p>La logistica e-commerce ha caratteristiche molto particolari e diverse dalla classica logistica B2B: ordini molto numerosi, picchi frequenti, ordini con pochi pezzi, necessit\u00e0 di gestire cross docking, alta percentuale di reso.<\/p>\n\n<p>IOHO Srl pu\u00f2 integrare Magento con il WMS (warehouse management system) della vostra logistica o di quella del vostro fornitore, fornirvi in outsourcing servizi di logistica e-commerce direttamente o tramite i propri partner logistici specializzati.<\/p>\n\n<figure class=\"wp-block-image size-full\"><img decoding=\"async\" width=\"640\" height=\"480\" src=\"https:\/\/www.ioho.com\/wp-content\/uploads\/2024\/07\/logistica-ecommerce-maschera.png\" alt=\"\" class=\"wp-image-4176\" srcset=\"https:\/\/www.ioho.com\/wp-content\/uploads\/2024\/07\/logistica-ecommerce-maschera.png 640w, https:\/\/www.ioho.com\/wp-content\/uploads\/2024\/07\/logistica-ecommerce-maschera-300x225.png 300w\" sizes=\"(max-width: 640px) 100vw, 640px\" \/><\/figure>\n\n<p><\/p>\n\n<h2 class=\"wp-block-heading\">Spedizioni ed Export<\/h2>\n\n<p>La consegna all&#8217;utente finale \u00e8 il pi\u00f9 importante momento di contatto diretto tra l&#8217;azienda e-commerce e il cliente ed \u00e8 importante che questa attivit\u00e0 gestita da fornitori esterni venga integrata nei sistemi e monitorata dall&#8217;azienda e-commerce.<\/p>\n\n<p>IOHO Srl ha creato plugin Magento per integrare i principali corrieri italiani e internazionali: SDA, BRT, UPS, DHL e Nexive.<\/p>\n\n<p>Quando il sito vende fuori dai confini dell&#8217;UE diventa fondamentale la gestione delle esportazioni e dei relativi documenti. Sia la gestione dei corrieri che dell&#8217;export sono inclusi nei nostri servizi di e-commerce full service.<\/p>\n\n<figure class=\"wp-block-image size-full\"><img decoding=\"async\" width=\"640\" height=\"480\" src=\"https:\/\/www.ioho.com\/wp-content\/uploads\/2024\/07\/spedizioni-export-maschera.png\" alt=\"\" class=\"wp-image-4458\" srcset=\"https:\/\/www.ioho.com\/wp-content\/uploads\/2024\/07\/spedizioni-export-maschera.png 640w, https:\/\/www.ioho.com\/wp-content\/uploads\/2024\/07\/spedizioni-export-maschera-300x225.png 300w\" sizes=\"(max-width: 640px) 100vw, 640px\" \/><\/figure>\n\n<p><\/p>\n\n<h2 class=\"wp-block-heading\">Logistica dei resi<\/h2>\n\n<p>Una delle caratteristiche pi\u00f9 specifiche della logistica e-commerce B2C \u00e8 la necessit\u00e0 di gestire\u00a0tassi\u00a0di reso molto elevati, che possono raggiungere percentuali a doppia cifra nel caso dell&#8217;abbigliamento.<\/p>\n\n<p>Diventa quindi indispensabile gestire adeguatamente sia la richiesta e il tracking dei resi (RMA) sul sito Magento che il ricevimento e controllo dei resi (return logistics) con relativa sostituzione o rimborso.<\/p>\n\n<p>IOHO Srl ha sviluppato dei plugin Magento per la gestione degli RMA e fornisce servizi di return logistics in outsourcing ai propri clienti in full service.<\/p>\n\n<figure class=\"wp-block-image size-full\"><img decoding=\"async\" width=\"640\" height=\"480\" src=\"https:\/\/www.ioho.com\/wp-content\/uploads\/2024\/07\/logistica-resi-maschera.png\" alt=\"\" class=\"wp-image-4178\" srcset=\"https:\/\/www.ioho.com\/wp-content\/uploads\/2024\/07\/logistica-resi-maschera.png 640w, https:\/\/www.ioho.com\/wp-content\/uploads\/2024\/07\/logistica-resi-maschera-300x225.png 300w\" sizes=\"(max-width: 640px) 100vw, 640px\" \/><\/figure>\n","protected":false},"excerpt":{"rendered":"<p>Logistica E-commerce La gestione della logistica \u00e8 una delle aree pi\u00f9 critiche di un sito e-commerce e uno dei principali fattori di successo (o insuccesso) di un sito di vendita online. La logistica e-commerce ha caratteristiche molto particolari e diverse dalla classica logistica B2B: ordini molto numerosi, picchi frequenti, ordini con pochi pezzi, necessit\u00e0 di [&hellip;]<\/p>\n","protected":false},"author":1,"featured_media":0,"parent":4646,"menu_order":0,"comment_status":"closed","ping_status":"closed","template":"","meta":{"inline_featured_image":false,"footnotes":""},"class_list":["post-4662","page","type-page","status-publish","hentry"],"yoast_head":"<!-- This site is optimized with the Yoast SEO plugin v23.2 - https:\/\/yoast.com\/wordpress\/plugins\/seo\/ -->\n<title>Logistica E-Commerce - Tunda.com \/ IOHO Srl partner Magento<\/title>\n<meta name=\"description\" content=\"Tunda \/ IOHO Srl \u00e8 partner Magento e pu\u00f2 integrare il vostro sito e-commerce Magento con la vostra logistica o fornirvi servizi di logistica e-commerce specializzata\" \/>\n<meta name=\"robots\" content=\"index, follow, max-snippet:-1, max-image-preview:large, max-video-preview:-1\" \/>\n<link rel=\"canonical\" href=\"https:\/\/www.ioho.com\/en\/servizi-e-commerce\/logistica-e-commerce\/\" \/>\n<meta property=\"og:locale\" content=\"en_US\" \/>\n<meta property=\"og:type\" content=\"article\" \/>\n<meta property=\"og:title\" content=\"Logistica E-Commerce - Tunda.com \/ IOHO Srl partner Magento\" \/>\n<meta property=\"og:description\" content=\"Tunda \/ IOHO Srl \u00e8 partner Magento e pu\u00f2 integrare il vostro sito e-commerce Magento con la vostra logistica o fornirvi servizi di logistica e-commerce specializzata\" \/>\n<meta property=\"og:url\" content=\"https:\/\/www.ioho.com\/en\/servizi-e-commerce\/logistica-e-commerce\/\" \/>\n<meta property=\"og:site_name\" content=\"IOHO\" \/>\n<meta property=\"article:modified_time\" content=\"2024-08-06T13:55:22+00:00\" \/>\n<meta property=\"og:image\" content=\"https:\/\/www.ioho.com\/wp-content\/uploads\/2024\/07\/logistica-ecommerce-maschera.png\" \/>\n<meta name=\"twitter:card\" content=\"summary_large_image\" \/>\n<meta name=\"twitter:label1\" content=\"Est. reading time\" \/>\n\t<meta name=\"twitter:data1\" content=\"3 minutes\" \/>\n<script type=\"application\/ld+json\" class=\"yoast-schema-graph\">{\"@context\":\"https:\/\/schema.org\",\"@graph\":[{\"@type\":\"WebPage\",\"@id\":\"https:\/\/www.ioho.com\/en\/servizi-e-commerce\/logistica-e-commerce\/\",\"url\":\"https:\/\/www.ioho.com\/en\/servizi-e-commerce\/logistica-e-commerce\/\",\"name\":\"Logistica E-Commerce - Tunda.com \/ IOHO Srl partner Magento\",\"isPartOf\":{\"@id\":\"https:\/\/www.ioho.com\/en\/#website\"},\"primaryImageOfPage\":{\"@id\":\"https:\/\/www.ioho.com\/en\/servizi-e-commerce\/logistica-e-commerce\/#primaryimage\"},\"image\":{\"@id\":\"https:\/\/www.ioho.com\/en\/servizi-e-commerce\/logistica-e-commerce\/#primaryimage\"},\"thumbnailUrl\":\"https:\/\/www.ioho.com\/wp-content\/uploads\/2024\/07\/logistica-ecommerce-maschera.png\",\"datePublished\":\"2024-07-30T07:09:01+00:00\",\"dateModified\":\"2024-08-06T13:55:22+00:00\",\"description\":\"Tunda \/ IOHO Srl \u00e8 partner Magento e pu\u00f2 integrare il vostro sito e-commerce Magento con la vostra logistica o fornirvi servizi di logistica e-commerce specializzata\",\"breadcrumb\":{\"@id\":\"https:\/\/www.ioho.com\/en\/servizi-e-commerce\/logistica-e-commerce\/#breadcrumb\"},\"inLanguage\":\"en-US\",\"potentialAction\":[{\"@type\":\"ReadAction\",\"target\":[\"https:\/\/www.ioho.com\/en\/servizi-e-commerce\/logistica-e-commerce\/\"]}]},{\"@type\":\"ImageObject\",\"inLanguage\":\"en-US\",\"@id\":\"https:\/\/www.ioho.com\/en\/servizi-e-commerce\/logistica-e-commerce\/#primaryimage\",\"url\":\"https:\/\/www.ioho.com\/wp-content\/uploads\/2024\/07\/logistica-ecommerce-maschera.png\",\"contentUrl\":\"https:\/\/www.ioho.com\/wp-content\/uploads\/2024\/07\/logistica-ecommerce-maschera.png\"},{\"@type\":\"BreadcrumbList\",\"@id\":\"https:\/\/www.ioho.com\/en\/servizi-e-commerce\/logistica-e-commerce\/#breadcrumb\",\"itemListElement\":[{\"@type\":\"ListItem\",\"position\":1,\"name\":\"Home\",\"item\":\"https:\/\/www.ioho.com\/en\/home\/\"},{\"@type\":\"ListItem\",\"position\":2,\"name\":\"Servizi e-commerce\",\"item\":\"https:\/\/www.ioho.com\/en\/servizi-e-commerce\/\"},{\"@type\":\"ListItem\",\"position\":3,\"name\":\"Logistica E-Commerce\"}]},{\"@type\":\"WebSite\",\"@id\":\"https:\/\/www.ioho.com\/en\/#website\",\"url\":\"https:\/\/www.ioho.com\/en\/\",\"name\":\"IOHO\",\"description\":\"\",\"potentialAction\":[{\"@type\":\"SearchAction\",\"target\":{\"@type\":\"EntryPoint\",\"urlTemplate\":\"https:\/\/www.ioho.com\/en\/?s={search_term_string}\"},\"query-input\":\"required name=search_term_string\"}],\"inLanguage\":\"en-US\"}]}<\/script>\n<!-- \/ Yoast SEO plugin. -->","yoast_head_json":{"title":"Logistica E-Commerce - Tunda.com \/ IOHO Srl partner Magento","description":"Tunda \/ IOHO Srl \u00e8 partner Magento e pu\u00f2 integrare il vostro sito e-commerce Magento con la vostra logistica o fornirvi servizi di logistica e-commerce specializzata","robots":{"index":"index","follow":"follow","max-snippet":"max-snippet:-1","max-image-preview":"max-image-preview:large","max-video-preview":"max-video-preview:-1"},"canonical":"https:\/\/www.ioho.com\/en\/servizi-e-commerce\/logistica-e-commerce\/","og_locale":"en_US","og_type":"article","og_title":"Logistica E-Commerce - Tunda.com \/ IOHO Srl partner Magento","og_description":"Tunda \/ IOHO Srl \u00e8 partner Magento e pu\u00f2 integrare il vostro sito e-commerce Magento con la vostra logistica o fornirvi servizi di logistica e-commerce specializzata","og_url":"https:\/\/www.ioho.com\/en\/servizi-e-commerce\/logistica-e-commerce\/","og_site_name":"IOHO","article_modified_time":"2024-08-06T13:55:22+00:00","og_image":[{"url":"https:\/\/www.ioho.com\/wp-content\/uploads\/2024\/07\/logistica-ecommerce-maschera.png"}],"twitter_card":"summary_large_image","twitter_misc":{"Est. reading time":"3 minutes"},"schema":{"@context":"https:\/\/schema.org","@graph":[{"@type":"WebPage","@id":"https:\/\/www.ioho.com\/en\/servizi-e-commerce\/logistica-e-commerce\/","url":"https:\/\/www.ioho.com\/en\/servizi-e-commerce\/logistica-e-commerce\/","name":"Logistica E-Commerce - Tunda.com \/ IOHO Srl partner Magento","isPartOf":{"@id":"https:\/\/www.ioho.com\/en\/#website"},"primaryImageOfPage":{"@id":"https:\/\/www.ioho.com\/en\/servizi-e-commerce\/logistica-e-commerce\/#primaryimage"},"image":{"@id":"https:\/\/www.ioho.com\/en\/servizi-e-commerce\/logistica-e-commerce\/#primaryimage"},"thumbnailUrl":"https:\/\/www.ioho.com\/wp-content\/uploads\/2024\/07\/logistica-ecommerce-maschera.png","datePublished":"2024-07-30T07:09:01+00:00","dateModified":"2024-08-06T13:55:22+00:00","description":"Tunda \/ IOHO Srl \u00e8 partner Magento e pu\u00f2 integrare il vostro sito e-commerce Magento con la vostra logistica o fornirvi servizi di logistica e-commerce specializzata","breadcrumb":{"@id":"https:\/\/www.ioho.com\/en\/servizi-e-commerce\/logistica-e-commerce\/#breadcrumb"},"inLanguage":"en-US","potentialAction":[{"@type":"ReadAction","target":["https:\/\/www.ioho.com\/en\/servizi-e-commerce\/logistica-e-commerce\/"]}]},{"@type":"ImageObject","inLanguage":"en-US","@id":"https:\/\/www.ioho.com\/en\/servizi-e-commerce\/logistica-e-commerce\/#primaryimage","url":"https:\/\/www.ioho.com\/wp-content\/uploads\/2024\/07\/logistica-ecommerce-maschera.png","contentUrl":"https:\/\/www.ioho.com\/wp-content\/uploads\/2024\/07\/logistica-ecommerce-maschera.png"},{"@type":"BreadcrumbList","@id":"https:\/\/www.ioho.com\/en\/servizi-e-commerce\/logistica-e-commerce\/#breadcrumb","itemListElement":[{"@type":"ListItem","position":1,"name":"Home","item":"https:\/\/www.ioho.com\/en\/home\/"},{"@type":"ListItem","position":2,"name":"Servizi e-commerce","item":"https:\/\/www.ioho.com\/en\/servizi-e-commerce\/"},{"@type":"ListItem","position":3,"name":"Logistica E-Commerce"}]},{"@type":"WebSite","@id":"https:\/\/www.ioho.com\/en\/#website","url":"https:\/\/www.ioho.com\/en\/","name":"IOHO","description":"","potentialAction":[{"@type":"SearchAction","target":{"@type":"EntryPoint","urlTemplate":"https:\/\/www.ioho.com\/en\/?s={search_term_string}"},"query-input":"required name=search_term_string"}],"inLanguage":"en-US"}]}},"_links":{"self":[{"href":"https:\/\/www.ioho.com\/en\/wp-json\/wp\/v2\/pages\/4662"}],"collection":[{"href":"https:\/\/www.ioho.com\/en\/wp-json\/wp\/v2\/pages"}],"about":[{"href":"https:\/\/www.ioho.com\/en\/wp-json\/wp\/v2\/types\/page"}],"author":[{"embeddable":true,"href":"https:\/\/www.ioho.com\/en\/wp-json\/wp\/v2\/users\/1"}],"replies":[{"embeddable":true,"href":"https:\/\/www.ioho.com\/en\/wp-json\/wp\/v2\/comments?post=4662"}],"version-history":[{"count":1,"href":"https:\/\/www.ioho.com\/en\/wp-json\/wp\/v2\/pages\/4662\/revisions"}],"predecessor-version":[{"id":4663,"href":"https:\/\/www.ioho.com\/en\/wp-json\/wp\/v2\/pages\/4662\/revisions\/4663"}],"up":[{"embeddable":true,"href":"https:\/\/www.ioho.com\/en\/wp-json\/wp\/v2\/pages\/4646"}],"wp:attachment":[{"href":"https:\/\/www.ioho.com\/en\/wp-json\/wp\/v2\/media?parent=4662"}],"curies":[{"name":"wp","href":"https:\/\/api.w.org\/{rel}","templated":true}]}}