{"id":4660,"date":"2024-07-30T09:08:38","date_gmt":"2024-07-30T07:08:38","guid":{"rendered":"https:\/\/www.ioho.com\/servizi-e-commerce\/gestione-web-marketing\/"},"modified":"2024-08-06T15:54:43","modified_gmt":"2024-08-06T13:54:43","slug":"gestione-web-marketing","status":"publish","type":"page","link":"https:\/\/www.ioho.com\/en\/servizi-e-commerce\/gestione-web-marketing\/","title":{"rendered":"Gestione Web Marketing"},"content":{"rendered":"\n<h2 class=\"wp-block-heading\">Ottimizzazione SEO<\/h2>\n\n<p>Magento \u00e8 una piattaforma e-commerce molto adatta per il SEO: i siti basati su Magento vengono ben indicizzati da Google e l&#8217;inserimento di informazioni e meta TAG \u00e8 semplice e gestibile anche da personale non tecnico.<\/p>\n\n<p>Tutti i siti sviluppati da IOHO Srl vengono progettati e realizzati seguendo le best practice per avere una buona indicizzazione.<\/p>\n\n<p>Oltre alle attivit\u00e0 onsite in fase di realizzazione, IOHO Srl pu\u00f2 erogare, tramite partner specializzati e operativi nelle diverse aree linguistiche, servizi di analisi e monitoraggio del posizionamento, ottimizzazione SEO, content marketing e link building.<\/p>\n\n<figure class=\"wp-block-image size-full\"><img decoding=\"async\" width=\"640\" height=\"480\" src=\"https:\/\/www.ioho.com\/wp-content\/uploads\/2024\/07\/ottimizzazione-seo-maschera.png\" alt=\"\" class=\"wp-image-4338\" srcset=\"https:\/\/www.ioho.com\/wp-content\/uploads\/2024\/07\/ottimizzazione-seo-maschera.png 640w, https:\/\/www.ioho.com\/wp-content\/uploads\/2024\/07\/ottimizzazione-seo-maschera-300x225.png 300w\" sizes=\"(max-width: 640px) 100vw, 640px\" \/><\/figure>\n\n<p><\/p>\n\n<h2 class=\"wp-block-heading\">SEM Search Marketing<\/h2>\n\n<p>Nessun sito e-commerce pu\u00f2 prescindere dalla visibilit\u00e0 su Google (o su motori di ricerca di altre aree linguistiche come Yandex per il russo e Baidu per il cinese). La strategia\u00a0di ottimizzazione SEO deve essere integrata con una strategia di paid search, specie quando il sito \u00e8 nuovo e non ancora posizionato naturalmente.<\/p>\n\n<p>Possiamo configurare e gestire le vostre campagne su <strong>Google Adwords<\/strong>\u00a0 o su altri motori di ricerca grazie ai nostri partner specializzati e certificati.<\/p>\n\n<p>I vantaggi di una campagna di paid search sono molteplici: gli annunci vengono visualizzati nel momento pi\u00f9 importante, proprio quando l&#8217;utente sta cercando il servizio, si paga solo per le visite effettivamente ricevute e i risultati sono perfettamente misurabili.<\/p>\n\n<figure class=\"wp-block-image size-full\"><img decoding=\"async\" width=\"640\" height=\"480\" src=\"https:\/\/www.ioho.com\/wp-content\/uploads\/2024\/07\/sem-maschera.png\" alt=\"\" class=\"wp-image-4430\" srcset=\"https:\/\/www.ioho.com\/wp-content\/uploads\/2024\/07\/sem-maschera.png 640w, https:\/\/www.ioho.com\/wp-content\/uploads\/2024\/07\/sem-maschera-300x225.png 300w\" sizes=\"(max-width: 640px) 100vw, 640px\" \/><\/figure>\n\n<p><\/p>\n\n<h2 class=\"wp-block-heading\">Affiliation Marketing<\/h2>\n\n<p>L&#8217;affiliation marketing consente di utilizzare un elevato numero di editori per veicolare le comunicazioni promozionali del vostro sito e-commerce, remunerandoli esclusivamente o prevalentemente in base ai risultati: in percentuale sulle vendite o con un costo fisso per ogni nuovo utente o ogni nuova vendita.<\/p>\n\n<p>Possiamo gestire le vostre strategie di affiliation marketing, scegliere per voi la piattaforma pi\u00f9 adatta tra Tradedoubler, Zanox e altre sia nazionali che internazionali, integrare la piattaforma di affiliazione con Magento, gestire integralmente le attivit\u00e0 di recruiting e accettazione degli affiliati e di verifica delle transazioni.<\/p>\n\n<figure class=\"wp-block-image size-full\"><img decoding=\"async\" width=\"640\" height=\"480\" src=\"https:\/\/www.ioho.com\/wp-content\/uploads\/2024\/07\/affiliation-marketing-maschera.png\" alt=\"\" class=\"wp-image-3860\" srcset=\"https:\/\/www.ioho.com\/wp-content\/uploads\/2024\/07\/affiliation-marketing-maschera.png 640w, https:\/\/www.ioho.com\/wp-content\/uploads\/2024\/07\/affiliation-marketing-maschera-300x225.png 300w\" sizes=\"(max-width: 640px) 100vw, 640px\" \/><\/figure>\n\n<p><\/p>\n\n<h2 class=\"wp-block-heading\">Email Marketing<\/h2>\n\n<p>Le attivit\u00e0 promozionali sulla propria base di utenti e clienti sono quelle in assoluto con il miglior ritorno sull&#8217;investimento. Perch\u00e8 siano efficaci, oltre a raccogliere in modo efficace le email del cliente \u00e8 indispensabile utilizzare una piattaforma professionale di email marketing.<\/p>\n\n<p>Facilit\u00e0 di utilizzo, possibilit\u00e0 di realizzare test A\/B e mail di follow up, gestione di email dinamiche e transazionali, reportistica chiara e approfondita, multicanalit\u00e0 con gestione SMS integrata, elevati tassi di consegna delle mail sono solo alcune delle caratteristiche che deve avere una piattaforma di email marketing.<\/p>\n\n<p>IOHO Srl ha integrato tutte le principali piattaforme con Magento, propone ai suoi clienti la soluzione Splio Spring e pu\u00f2 sia formare il cliente all&#8217;utilizzo autonomo delle attivit\u00e0 di email marketing che gestire tutta l&#8217;operativit\u00e0 su indicazione del cliente.<\/p>\n\n<figure class=\"wp-block-image size-full\"><img decoding=\"async\" width=\"640\" height=\"480\" src=\"https:\/\/www.ioho.com\/wp-content\/uploads\/2024\/07\/email-marketing-maschera.png\" alt=\"\" class=\"wp-image-4032\" srcset=\"https:\/\/www.ioho.com\/wp-content\/uploads\/2024\/07\/email-marketing-maschera.png 640w, https:\/\/www.ioho.com\/wp-content\/uploads\/2024\/07\/email-marketing-maschera-300x225.png 300w\" sizes=\"(max-width: 640px) 100vw, 640px\" \/><\/figure>\n\n<p><\/p>\n\n<h2 class=\"wp-block-heading\">Social and Blog marketing<\/h2>\n\n<p>IOHO Srl pu\u00f2 gestire le vostre attivit\u00e0 sui principali social network, sia in ambito di gestione editoriale dei vostri account Facebook e Twitter che di gestione delle attivit\u00e0 di advertising su Facebook.<\/p>\n\n<p>Offriamo\u00a0inoltre un&#8217;attivit\u00e0 di blog marketing e digital PR con un database di oltre 1000 blogger nei settori bellezza, casa, food gestendo il recruiting di nuovi blogger, le richieste di prodotti da recensire, l&#8217;invio di prodotti e il relativo follow up.<\/p>\n\n<p>Un&#8217;attivit\u00e0 fondamentale soprattutto per marchi meno conosciuti, in settori quali la cosmesi e il food, che consente con un investimento limitato di far conoscere i propri prodotti a molti influencer e di creare in modo naturale link di elevato valore, utili per migliorare il posizionamento SEO del proprio sito e-commerce.<\/p>\n\n<figure class=\"wp-block-image size-full\"><img decoding=\"async\" width=\"640\" height=\"480\" src=\"https:\/\/www.ioho.com\/wp-content\/uploads\/2024\/07\/social-blog-marketing-maschera.png\" alt=\"\" class=\"wp-image-4456\" srcset=\"https:\/\/www.ioho.com\/wp-content\/uploads\/2024\/07\/social-blog-marketing-maschera.png 640w, https:\/\/www.ioho.com\/wp-content\/uploads\/2024\/07\/social-blog-marketing-maschera-300x225.png 300w\" sizes=\"(max-width: 640px) 100vw, 640px\" \/><\/figure>\n","protected":false},"excerpt":{"rendered":"<p>Ottimizzazione SEO Magento \u00e8 una piattaforma e-commerce molto adatta per il SEO: i siti basati su Magento vengono ben indicizzati da Google e l&#8217;inserimento di informazioni e meta TAG \u00e8 semplice e gestibile anche da personale non tecnico. Tutti i siti sviluppati da IOHO Srl vengono progettati e realizzati seguendo le best practice per avere [&hellip;]<\/p>\n","protected":false},"author":1,"featured_media":0,"parent":4646,"menu_order":0,"comment_status":"closed","ping_status":"closed","template":"","meta":{"inline_featured_image":false,"footnotes":""},"class_list":["post-4660","page","type-page","status-publish","hentry"],"yoast_head":"<!-- This site is optimized with the Yoast SEO plugin v23.2 - https:\/\/yoast.com\/wordpress\/plugins\/seo\/ -->\n<title>Gestione Web Marketing - Tunda.com \/ IOHO Srl Partner Magento<\/title>\n<meta name=\"description\" content=\"Prendiamo in carico la gestione web marketing per il tuo sito e-commerce Magento focalizzandoci sul ritorno dell&#039;investimento in termini di vendite\" \/>\n<meta name=\"robots\" content=\"index, follow, max-snippet:-1, max-image-preview:large, max-video-preview:-1\" \/>\n<link rel=\"canonical\" href=\"https:\/\/www.ioho.com\/en\/servizi-e-commerce\/gestione-web-marketing\/\" \/>\n<meta property=\"og:locale\" content=\"en_US\" \/>\n<meta property=\"og:type\" content=\"article\" \/>\n<meta property=\"og:title\" content=\"Gestione Web Marketing - Tunda.com \/ IOHO Srl Partner Magento\" \/>\n<meta property=\"og:description\" content=\"Prendiamo in carico la gestione web marketing per il tuo sito e-commerce Magento focalizzandoci sul ritorno dell&#039;investimento in termini di vendite\" \/>\n<meta property=\"og:url\" content=\"https:\/\/www.ioho.com\/en\/servizi-e-commerce\/gestione-web-marketing\/\" \/>\n<meta property=\"og:site_name\" content=\"IOHO\" \/>\n<meta property=\"article:modified_time\" content=\"2024-08-06T13:54:43+00:00\" \/>\n<meta property=\"og:image\" content=\"https:\/\/www.ioho.com\/wp-content\/uploads\/2024\/07\/ottimizzazione-seo-maschera.png\" \/>\n<meta name=\"twitter:card\" content=\"summary_large_image\" \/>\n<meta name=\"twitter:label1\" content=\"Est. reading time\" \/>\n\t<meta name=\"twitter:data1\" content=\"4 minutes\" \/>\n<script type=\"application\/ld+json\" class=\"yoast-schema-graph\">{\"@context\":\"https:\/\/schema.org\",\"@graph\":[{\"@type\":\"WebPage\",\"@id\":\"https:\/\/www.ioho.com\/en\/servizi-e-commerce\/gestione-web-marketing\/\",\"url\":\"https:\/\/www.ioho.com\/en\/servizi-e-commerce\/gestione-web-marketing\/\",\"name\":\"Gestione Web Marketing - Tunda.com \/ IOHO Srl Partner Magento\",\"isPartOf\":{\"@id\":\"https:\/\/www.ioho.com\/en\/#website\"},\"primaryImageOfPage\":{\"@id\":\"https:\/\/www.ioho.com\/en\/servizi-e-commerce\/gestione-web-marketing\/#primaryimage\"},\"image\":{\"@id\":\"https:\/\/www.ioho.com\/en\/servizi-e-commerce\/gestione-web-marketing\/#primaryimage\"},\"thumbnailUrl\":\"https:\/\/www.ioho.com\/wp-content\/uploads\/2024\/07\/ottimizzazione-seo-maschera.png\",\"datePublished\":\"2024-07-30T07:08:38+00:00\",\"dateModified\":\"2024-08-06T13:54:43+00:00\",\"description\":\"Prendiamo in carico la gestione web marketing per il tuo sito e-commerce Magento focalizzandoci sul ritorno dell'investimento in termini di vendite\",\"breadcrumb\":{\"@id\":\"https:\/\/www.ioho.com\/en\/servizi-e-commerce\/gestione-web-marketing\/#breadcrumb\"},\"inLanguage\":\"en-US\",\"potentialAction\":[{\"@type\":\"ReadAction\",\"target\":[\"https:\/\/www.ioho.com\/en\/servizi-e-commerce\/gestione-web-marketing\/\"]}]},{\"@type\":\"ImageObject\",\"inLanguage\":\"en-US\",\"@id\":\"https:\/\/www.ioho.com\/en\/servizi-e-commerce\/gestione-web-marketing\/#primaryimage\",\"url\":\"https:\/\/www.ioho.com\/wp-content\/uploads\/2024\/07\/ottimizzazione-seo-maschera.png\",\"contentUrl\":\"https:\/\/www.ioho.com\/wp-content\/uploads\/2024\/07\/ottimizzazione-seo-maschera.png\"},{\"@type\":\"BreadcrumbList\",\"@id\":\"https:\/\/www.ioho.com\/en\/servizi-e-commerce\/gestione-web-marketing\/#breadcrumb\",\"itemListElement\":[{\"@type\":\"ListItem\",\"position\":1,\"name\":\"Home\",\"item\":\"https:\/\/www.ioho.com\/en\/home\/\"},{\"@type\":\"ListItem\",\"position\":2,\"name\":\"Servizi e-commerce\",\"item\":\"https:\/\/www.ioho.com\/en\/servizi-e-commerce\/\"},{\"@type\":\"ListItem\",\"position\":3,\"name\":\"Gestione Web Marketing\"}]},{\"@type\":\"WebSite\",\"@id\":\"https:\/\/www.ioho.com\/en\/#website\",\"url\":\"https:\/\/www.ioho.com\/en\/\",\"name\":\"IOHO\",\"description\":\"\",\"potentialAction\":[{\"@type\":\"SearchAction\",\"target\":{\"@type\":\"EntryPoint\",\"urlTemplate\":\"https:\/\/www.ioho.com\/en\/?s={search_term_string}\"},\"query-input\":\"required name=search_term_string\"}],\"inLanguage\":\"en-US\"}]}<\/script>\n<!-- \/ Yoast SEO plugin. -->","yoast_head_json":{"title":"Gestione Web Marketing - Tunda.com \/ IOHO Srl Partner Magento","description":"Prendiamo in carico la gestione web marketing per il tuo sito e-commerce Magento focalizzandoci sul ritorno dell'investimento in termini di vendite","robots":{"index":"index","follow":"follow","max-snippet":"max-snippet:-1","max-image-preview":"max-image-preview:large","max-video-preview":"max-video-preview:-1"},"canonical":"https:\/\/www.ioho.com\/en\/servizi-e-commerce\/gestione-web-marketing\/","og_locale":"en_US","og_type":"article","og_title":"Gestione Web Marketing - Tunda.com \/ IOHO Srl Partner Magento","og_description":"Prendiamo in carico la gestione web marketing per il tuo sito e-commerce Magento focalizzandoci sul ritorno dell'investimento in termini di vendite","og_url":"https:\/\/www.ioho.com\/en\/servizi-e-commerce\/gestione-web-marketing\/","og_site_name":"IOHO","article_modified_time":"2024-08-06T13:54:43+00:00","og_image":[{"url":"https:\/\/www.ioho.com\/wp-content\/uploads\/2024\/07\/ottimizzazione-seo-maschera.png"}],"twitter_card":"summary_large_image","twitter_misc":{"Est. reading time":"4 minutes"},"schema":{"@context":"https:\/\/schema.org","@graph":[{"@type":"WebPage","@id":"https:\/\/www.ioho.com\/en\/servizi-e-commerce\/gestione-web-marketing\/","url":"https:\/\/www.ioho.com\/en\/servizi-e-commerce\/gestione-web-marketing\/","name":"Gestione Web Marketing - Tunda.com \/ IOHO Srl Partner Magento","isPartOf":{"@id":"https:\/\/www.ioho.com\/en\/#website"},"primaryImageOfPage":{"@id":"https:\/\/www.ioho.com\/en\/servizi-e-commerce\/gestione-web-marketing\/#primaryimage"},"image":{"@id":"https:\/\/www.ioho.com\/en\/servizi-e-commerce\/gestione-web-marketing\/#primaryimage"},"thumbnailUrl":"https:\/\/www.ioho.com\/wp-content\/uploads\/2024\/07\/ottimizzazione-seo-maschera.png","datePublished":"2024-07-30T07:08:38+00:00","dateModified":"2024-08-06T13:54:43+00:00","description":"Prendiamo in carico la gestione web marketing per il tuo sito e-commerce Magento focalizzandoci sul ritorno dell'investimento in termini di vendite","breadcrumb":{"@id":"https:\/\/www.ioho.com\/en\/servizi-e-commerce\/gestione-web-marketing\/#breadcrumb"},"inLanguage":"en-US","potentialAction":[{"@type":"ReadAction","target":["https:\/\/www.ioho.com\/en\/servizi-e-commerce\/gestione-web-marketing\/"]}]},{"@type":"ImageObject","inLanguage":"en-US","@id":"https:\/\/www.ioho.com\/en\/servizi-e-commerce\/gestione-web-marketing\/#primaryimage","url":"https:\/\/www.ioho.com\/wp-content\/uploads\/2024\/07\/ottimizzazione-seo-maschera.png","contentUrl":"https:\/\/www.ioho.com\/wp-content\/uploads\/2024\/07\/ottimizzazione-seo-maschera.png"},{"@type":"BreadcrumbList","@id":"https:\/\/www.ioho.com\/en\/servizi-e-commerce\/gestione-web-marketing\/#breadcrumb","itemListElement":[{"@type":"ListItem","position":1,"name":"Home","item":"https:\/\/www.ioho.com\/en\/home\/"},{"@type":"ListItem","position":2,"name":"Servizi e-commerce","item":"https:\/\/www.ioho.com\/en\/servizi-e-commerce\/"},{"@type":"ListItem","position":3,"name":"Gestione Web Marketing"}]},{"@type":"WebSite","@id":"https:\/\/www.ioho.com\/en\/#website","url":"https:\/\/www.ioho.com\/en\/","name":"IOHO","description":"","potentialAction":[{"@type":"SearchAction","target":{"@type":"EntryPoint","urlTemplate":"https:\/\/www.ioho.com\/en\/?s={search_term_string}"},"query-input":"required name=search_term_string"}],"inLanguage":"en-US"}]}},"_links":{"self":[{"href":"https:\/\/www.ioho.com\/en\/wp-json\/wp\/v2\/pages\/4660"}],"collection":[{"href":"https:\/\/www.ioho.com\/en\/wp-json\/wp\/v2\/pages"}],"about":[{"href":"https:\/\/www.ioho.com\/en\/wp-json\/wp\/v2\/types\/page"}],"author":[{"embeddable":true,"href":"https:\/\/www.ioho.com\/en\/wp-json\/wp\/v2\/users\/1"}],"replies":[{"embeddable":true,"href":"https:\/\/www.ioho.com\/en\/wp-json\/wp\/v2\/comments?post=4660"}],"version-history":[{"count":1,"href":"https:\/\/www.ioho.com\/en\/wp-json\/wp\/v2\/pages\/4660\/revisions"}],"predecessor-version":[{"id":4661,"href":"https:\/\/www.ioho.com\/en\/wp-json\/wp\/v2\/pages\/4660\/revisions\/4661"}],"up":[{"embeddable":true,"href":"https:\/\/www.ioho.com\/en\/wp-json\/wp\/v2\/pages\/4646"}],"wp:attachment":[{"href":"https:\/\/www.ioho.com\/en\/wp-json\/wp\/v2\/media?parent=4660"}],"curies":[{"name":"wp","href":"https:\/\/api.w.org\/{rel}","templated":true}]}}