{"id":4654,"date":"2024-07-30T09:06:58","date_gmt":"2024-07-30T07:06:58","guid":{"rendered":"https:\/\/www.ioho.com\/servizi-e-commerce\/formazione-magento\/"},"modified":"2024-08-06T15:47:34","modified_gmt":"2024-08-06T13:47:34","slug":"formazione-magento","status":"publish","type":"page","link":"https:\/\/www.ioho.com\/en\/servizi-e-commerce\/formazione-magento\/","title":{"rendered":"Formazione Magento"},"content":{"rendered":"\n<h2 class=\"wp-block-heading\">Corsi E-Commerce in aula<\/h2>\n\n<p>Il successo di un progetto e-commerce, soprattutto nelle organizzazioni complesse, dipende anche da una diffusa cultura e conoscenza sulle vendite online, non solo tra chi operativamente segue le attivit\u00e0 e-commerce, ma anche nelle principali figure chiave presenti in azienda.<\/p>\n\n<p>Organizziamo corsi in aula con alcuni dei maggiori esperti italiani di E-Commerce su diversi temi: definizione della strategia e-commerce, realizzazione del business plan e-commerce, gestione delle operation di logistica e customer care, web marketing applicato all&#8217;e-commerce, gestione dell&#8217;email marketing, gestione e utilizzo di Magento.<\/p>\n\n<figure class=\"wp-block-image size-full\"><img decoding=\"async\" width=\"640\" height=\"480\" src=\"https:\/\/www.ioho.com\/wp-content\/uploads\/2024\/07\/corsi-aula-maschera.png\" alt=\"\" class=\"wp-image-3964\" srcset=\"https:\/\/www.ioho.com\/wp-content\/uploads\/2024\/07\/corsi-aula-maschera.png 640w, https:\/\/www.ioho.com\/wp-content\/uploads\/2024\/07\/corsi-aula-maschera-300x225.png 300w\" sizes=\"(max-width: 640px) 100vw, 640px\" \/><\/figure>\n\n<p><\/p>\n\n<h2 class=\"wp-block-heading\">Corsi Magento in azienda<\/h2>\n\n<p>Quando organizzare un corso per pi\u00f9 persone fuori sede risulta troppo complesso e dispersivo, possiamo organizzare corsi &#8220;su misura&#8221; per le vostre esigenze, direttamente in azienda.<\/p>\n\n<p>I corsi possono avere un taglio di tipo strategico e di formazione di base sugli aspetti operativi, quindi rivolti prevalentemente al top management, quadri e figure chiave oppure avere un taglio prettamente operativo, in particolare sull&#8217;utilizzo del backoffice della piattaforma Magento ed essere rivolti allo store manager, servizio clienti e a chi in azienda dovr\u00e0 seguire giorno per giorno tutte le attivit\u00e0.<\/p>\n\n<p>I corsi possono anche essere finanziati tramite i fondi interprofessionali.<\/p>\n\n<figure class=\"wp-block-image size-full\"><img decoding=\"async\" width=\"640\" height=\"480\" src=\"https:\/\/www.ioho.com\/wp-content\/uploads\/2024\/07\/training-onthejob-maschera.png\" alt=\"\" class=\"wp-image-4478\" srcset=\"https:\/\/www.ioho.com\/wp-content\/uploads\/2024\/07\/training-onthejob-maschera.png 640w, https:\/\/www.ioho.com\/wp-content\/uploads\/2024\/07\/training-onthejob-maschera-300x225.png 300w\" sizes=\"(max-width: 640px) 100vw, 640px\" \/><\/figure>\n\n<p><\/p>\n\n<h2 class=\"wp-block-heading\">Training on the job su Magento<\/h2>\n\n<p>Quando l&#8217;esigenza \u00e8 quella di &#8220;formare sul campo&#8221; il vostro nuovo store manager e il team di supporto del vostro sito e-commerce possiamo gestire modalit\u00e0 miste di gestione in outsourcing con affiancamento in azienda.<\/p>\n\n<p>Vi verr\u00e0 in tal caso assegnato uno store manager esperto e certificato da Magento come Solution Specialist che verr\u00e0 inserito nel vostro staff per alcuni giorni, portando avanti le attivit\u00e0 operative e affiancando il vostro personale in modo da formarlo in modo partico e operativo man mano che le attivit\u00e0 reali del sito vengono gestite.<\/p>\n\n<figure class=\"wp-block-image size-full\"><img decoding=\"async\" width=\"640\" height=\"480\" src=\"https:\/\/www.ioho.com\/wp-content\/uploads\/2024\/07\/sviluppo-magento-maschera.png\" alt=\"\" class=\"wp-image-4470\" srcset=\"https:\/\/www.ioho.com\/wp-content\/uploads\/2024\/07\/sviluppo-magento-maschera.png 640w, https:\/\/www.ioho.com\/wp-content\/uploads\/2024\/07\/sviluppo-magento-maschera-300x225.png 300w\" sizes=\"(max-width: 640px) 100vw, 640px\" \/><\/figure>\n","protected":false},"excerpt":{"rendered":"<p>Corsi E-Commerce in aula Il successo di un progetto e-commerce, soprattutto nelle organizzazioni complesse, dipende anche da una diffusa cultura e conoscenza sulle vendite online, non solo tra chi operativamente segue le attivit\u00e0 e-commerce, ma anche nelle principali figure chiave presenti in azienda. Organizziamo corsi in aula con alcuni dei maggiori esperti italiani di E-Commerce [&hellip;]<\/p>\n","protected":false},"author":1,"featured_media":0,"parent":4646,"menu_order":0,"comment_status":"closed","ping_status":"closed","template":"","meta":{"inline_featured_image":false,"footnotes":""},"class_list":["post-4654","page","type-page","status-publish","hentry"],"yoast_head":"<!-- This site is optimized with the Yoast SEO plugin v23.2 - https:\/\/yoast.com\/wordpress\/plugins\/seo\/ -->\n<title>Formazione e Corsi Magento - Tunda.com \/ IOHO Srl partner Magento<\/title>\n<meta name=\"description\" content=\"Organizziamo corsi Magento in aula e in azienda sui principali temi legati all&#039;e-commerce e sull&#039;utilizzo del backoffice della piattaforma Magento\" \/>\n<meta name=\"robots\" content=\"index, follow, max-snippet:-1, max-image-preview:large, max-video-preview:-1\" \/>\n<link rel=\"canonical\" href=\"https:\/\/www.ioho.com\/en\/servizi-e-commerce\/formazione-magento\/\" \/>\n<meta property=\"og:locale\" content=\"en_US\" \/>\n<meta property=\"og:type\" content=\"article\" \/>\n<meta property=\"og:title\" content=\"Formazione e Corsi Magento - Tunda.com \/ IOHO Srl partner Magento\" \/>\n<meta property=\"og:description\" content=\"Organizziamo corsi Magento in aula e in azienda sui principali temi legati all&#039;e-commerce e sull&#039;utilizzo del backoffice della piattaforma Magento\" \/>\n<meta property=\"og:url\" content=\"https:\/\/www.ioho.com\/en\/servizi-e-commerce\/formazione-magento\/\" \/>\n<meta property=\"og:site_name\" content=\"IOHO\" \/>\n<meta property=\"article:modified_time\" content=\"2024-08-06T13:47:34+00:00\" \/>\n<meta property=\"og:image\" content=\"https:\/\/www.ioho.com\/wp-content\/uploads\/2024\/07\/corsi-aula-maschera.png\" \/>\n<meta name=\"twitter:card\" content=\"summary_large_image\" \/>\n<meta name=\"twitter:label1\" content=\"Est. reading time\" \/>\n\t<meta name=\"twitter:data1\" content=\"3 minutes\" \/>\n<script type=\"application\/ld+json\" class=\"yoast-schema-graph\">{\"@context\":\"https:\/\/schema.org\",\"@graph\":[{\"@type\":\"WebPage\",\"@id\":\"https:\/\/www.ioho.com\/en\/servizi-e-commerce\/formazione-magento\/\",\"url\":\"https:\/\/www.ioho.com\/en\/servizi-e-commerce\/formazione-magento\/\",\"name\":\"Formazione e Corsi Magento - Tunda.com \/ IOHO Srl partner Magento\",\"isPartOf\":{\"@id\":\"https:\/\/www.ioho.com\/en\/#website\"},\"primaryImageOfPage\":{\"@id\":\"https:\/\/www.ioho.com\/en\/servizi-e-commerce\/formazione-magento\/#primaryimage\"},\"image\":{\"@id\":\"https:\/\/www.ioho.com\/en\/servizi-e-commerce\/formazione-magento\/#primaryimage\"},\"thumbnailUrl\":\"https:\/\/www.ioho.com\/wp-content\/uploads\/2024\/07\/corsi-aula-maschera.png\",\"datePublished\":\"2024-07-30T07:06:58+00:00\",\"dateModified\":\"2024-08-06T13:47:34+00:00\",\"description\":\"Organizziamo corsi Magento in aula e in azienda sui principali temi legati all'e-commerce e sull'utilizzo del backoffice della piattaforma Magento\",\"breadcrumb\":{\"@id\":\"https:\/\/www.ioho.com\/en\/servizi-e-commerce\/formazione-magento\/#breadcrumb\"},\"inLanguage\":\"en-US\",\"potentialAction\":[{\"@type\":\"ReadAction\",\"target\":[\"https:\/\/www.ioho.com\/en\/servizi-e-commerce\/formazione-magento\/\"]}]},{\"@type\":\"ImageObject\",\"inLanguage\":\"en-US\",\"@id\":\"https:\/\/www.ioho.com\/en\/servizi-e-commerce\/formazione-magento\/#primaryimage\",\"url\":\"https:\/\/www.ioho.com\/wp-content\/uploads\/2024\/07\/corsi-aula-maschera.png\",\"contentUrl\":\"https:\/\/www.ioho.com\/wp-content\/uploads\/2024\/07\/corsi-aula-maschera.png\"},{\"@type\":\"BreadcrumbList\",\"@id\":\"https:\/\/www.ioho.com\/en\/servizi-e-commerce\/formazione-magento\/#breadcrumb\",\"itemListElement\":[{\"@type\":\"ListItem\",\"position\":1,\"name\":\"Home\",\"item\":\"https:\/\/www.ioho.com\/en\/home\/\"},{\"@type\":\"ListItem\",\"position\":2,\"name\":\"Servizi e-commerce\",\"item\":\"https:\/\/www.ioho.com\/en\/servizi-e-commerce\/\"},{\"@type\":\"ListItem\",\"position\":3,\"name\":\"Formazione Magento\"}]},{\"@type\":\"WebSite\",\"@id\":\"https:\/\/www.ioho.com\/en\/#website\",\"url\":\"https:\/\/www.ioho.com\/en\/\",\"name\":\"IOHO\",\"description\":\"\",\"potentialAction\":[{\"@type\":\"SearchAction\",\"target\":{\"@type\":\"EntryPoint\",\"urlTemplate\":\"https:\/\/www.ioho.com\/en\/?s={search_term_string}\"},\"query-input\":\"required name=search_term_string\"}],\"inLanguage\":\"en-US\"}]}<\/script>\n<!-- \/ Yoast SEO plugin. -->","yoast_head_json":{"title":"Formazione e Corsi Magento - Tunda.com \/ IOHO Srl partner Magento","description":"Organizziamo corsi Magento in aula e in azienda sui principali temi legati all'e-commerce e sull'utilizzo del backoffice della piattaforma Magento","robots":{"index":"index","follow":"follow","max-snippet":"max-snippet:-1","max-image-preview":"max-image-preview:large","max-video-preview":"max-video-preview:-1"},"canonical":"https:\/\/www.ioho.com\/en\/servizi-e-commerce\/formazione-magento\/","og_locale":"en_US","og_type":"article","og_title":"Formazione e Corsi Magento - Tunda.com \/ IOHO Srl partner Magento","og_description":"Organizziamo corsi Magento in aula e in azienda sui principali temi legati all'e-commerce e sull'utilizzo del backoffice della piattaforma Magento","og_url":"https:\/\/www.ioho.com\/en\/servizi-e-commerce\/formazione-magento\/","og_site_name":"IOHO","article_modified_time":"2024-08-06T13:47:34+00:00","og_image":[{"url":"https:\/\/www.ioho.com\/wp-content\/uploads\/2024\/07\/corsi-aula-maschera.png"}],"twitter_card":"summary_large_image","twitter_misc":{"Est. reading time":"3 minutes"},"schema":{"@context":"https:\/\/schema.org","@graph":[{"@type":"WebPage","@id":"https:\/\/www.ioho.com\/en\/servizi-e-commerce\/formazione-magento\/","url":"https:\/\/www.ioho.com\/en\/servizi-e-commerce\/formazione-magento\/","name":"Formazione e Corsi Magento - Tunda.com \/ IOHO Srl partner Magento","isPartOf":{"@id":"https:\/\/www.ioho.com\/en\/#website"},"primaryImageOfPage":{"@id":"https:\/\/www.ioho.com\/en\/servizi-e-commerce\/formazione-magento\/#primaryimage"},"image":{"@id":"https:\/\/www.ioho.com\/en\/servizi-e-commerce\/formazione-magento\/#primaryimage"},"thumbnailUrl":"https:\/\/www.ioho.com\/wp-content\/uploads\/2024\/07\/corsi-aula-maschera.png","datePublished":"2024-07-30T07:06:58+00:00","dateModified":"2024-08-06T13:47:34+00:00","description":"Organizziamo corsi Magento in aula e in azienda sui principali temi legati all'e-commerce e sull'utilizzo del backoffice della piattaforma Magento","breadcrumb":{"@id":"https:\/\/www.ioho.com\/en\/servizi-e-commerce\/formazione-magento\/#breadcrumb"},"inLanguage":"en-US","potentialAction":[{"@type":"ReadAction","target":["https:\/\/www.ioho.com\/en\/servizi-e-commerce\/formazione-magento\/"]}]},{"@type":"ImageObject","inLanguage":"en-US","@id":"https:\/\/www.ioho.com\/en\/servizi-e-commerce\/formazione-magento\/#primaryimage","url":"https:\/\/www.ioho.com\/wp-content\/uploads\/2024\/07\/corsi-aula-maschera.png","contentUrl":"https:\/\/www.ioho.com\/wp-content\/uploads\/2024\/07\/corsi-aula-maschera.png"},{"@type":"BreadcrumbList","@id":"https:\/\/www.ioho.com\/en\/servizi-e-commerce\/formazione-magento\/#breadcrumb","itemListElement":[{"@type":"ListItem","position":1,"name":"Home","item":"https:\/\/www.ioho.com\/en\/home\/"},{"@type":"ListItem","position":2,"name":"Servizi e-commerce","item":"https:\/\/www.ioho.com\/en\/servizi-e-commerce\/"},{"@type":"ListItem","position":3,"name":"Formazione Magento"}]},{"@type":"WebSite","@id":"https:\/\/www.ioho.com\/en\/#website","url":"https:\/\/www.ioho.com\/en\/","name":"IOHO","description":"","potentialAction":[{"@type":"SearchAction","target":{"@type":"EntryPoint","urlTemplate":"https:\/\/www.ioho.com\/en\/?s={search_term_string}"},"query-input":"required name=search_term_string"}],"inLanguage":"en-US"}]}},"_links":{"self":[{"href":"https:\/\/www.ioho.com\/en\/wp-json\/wp\/v2\/pages\/4654"}],"collection":[{"href":"https:\/\/www.ioho.com\/en\/wp-json\/wp\/v2\/pages"}],"about":[{"href":"https:\/\/www.ioho.com\/en\/wp-json\/wp\/v2\/types\/page"}],"author":[{"embeddable":true,"href":"https:\/\/www.ioho.com\/en\/wp-json\/wp\/v2\/users\/1"}],"replies":[{"embeddable":true,"href":"https:\/\/www.ioho.com\/en\/wp-json\/wp\/v2\/comments?post=4654"}],"version-history":[{"count":1,"href":"https:\/\/www.ioho.com\/en\/wp-json\/wp\/v2\/pages\/4654\/revisions"}],"predecessor-version":[{"id":4655,"href":"https:\/\/www.ioho.com\/en\/wp-json\/wp\/v2\/pages\/4654\/revisions\/4655"}],"up":[{"embeddable":true,"href":"https:\/\/www.ioho.com\/en\/wp-json\/wp\/v2\/pages\/4646"}],"wp:attachment":[{"href":"https:\/\/www.ioho.com\/en\/wp-json\/wp\/v2\/media?parent=4654"}],"curies":[{"name":"wp","href":"https:\/\/api.w.org\/{rel}","templated":true}]}}