{"id":4646,"date":"2024-07-30T09:04:45","date_gmt":"2024-07-30T07:04:45","guid":{"rendered":"https:\/\/www.ioho.com\/servizi-e-commerce\/"},"modified":"2024-08-06T15:37:34","modified_gmt":"2024-08-06T13:37:34","slug":"servizi-e-commerce","status":"publish","type":"page","link":"https:\/\/www.ioho.com\/en\/servizi-e-commerce\/","title":{"rendered":"Servizi e-commerce"},"content":{"rendered":"\n<p><\/p>\n\n\n\n<p><\/p>\n\n\n\n<p><\/p>\n\n\n\n<h2 class=\"wp-block-heading\">Consulenza E-Commerce<\/h2>\n\n\n\n<p>Prima ancora di decidere cosa fare e come farlo \u00e8 indispensabile stabilire la propria strategia e-commerce, definire gli obiettivi e i KPI del progetto di vendita online, scegliere il modello di gestione e-commerce pi\u00f9 adatto alle caratteristiche dell&#8217;azienda.<\/p>\n\n\n\n<p>Il team di IOHO Srl ha iniziato ad operare nel settore e-commerce nel 1999, in progetti di settori tra i pi\u00f9 vari e con aziende di tutte le dimensioni: questo patrimonio di esperienza e know-how \u00e8 a disposizione dei clienti che non hanno ancora definito in modo preciso la propria strategia e-commerce e che necessitano di un supporto consulenziale per la stesura di un piano strategico e operativo.<\/p>\n\n\n\n<figure class=\"wp-block-image size-full\"><img decoding=\"async\" width=\"640\" height=\"480\" src=\"https:\/\/www.ioho.com\/wp-content\/uploads\/2024\/07\/Consulenza-E-Commerce-maschera.png\" alt=\"\" class=\"wp-image-4564\" srcset=\"https:\/\/www.ioho.com\/wp-content\/uploads\/2024\/07\/Consulenza-E-Commerce-maschera.png 640w, https:\/\/www.ioho.com\/wp-content\/uploads\/2024\/07\/Consulenza-E-Commerce-maschera-300x225.png 300w\" sizes=\"(max-width: 640px) 100vw, 640px\" \/><\/figure>\n\n\n\n<p><\/p>\n\n\n\n<h2 class=\"wp-block-heading\">Web Design e Usabilit\u00e0<\/h2>\n\n\n\n<p>La progettazione della struttura del sito, delle modalit\u00e0 di navigazione e degli elementi grafici ha un ruolo fondamentale nel garantire un&#8217;esperienza utente che coniughi funzionalit\u00e0 avanzate e semplicit\u00e0 di utilizzo.<\/p>\n\n\n\n<p>Ogni negozio Magento \u00e8 totalmente personalizzabile in base alle esigenze del cliente. Il sito pu\u00f2 essere progettato a partire da uno dei template Magento di elevata qualit\u00e0 sperimentati e garantiti da IOHO Srl, coniugando velocit\u00e0 di implementazione e riduzione dell&#8217;investimento o basarsi su un progetto originale costruito ex-novo.<\/p>\n\n\n\n<p>In entrambi i casi il sito e-commerce sar\u00e0 perfettamente fruibile anche da mobile, grazie alla struttura responsive o allo sviluppo di un m-site dedicato.<\/p>\n\n\n\n<figure class=\"wp-block-image size-full is-resized\"><img decoding=\"async\" width=\"640\" height=\"480\" src=\"https:\/\/www.ioho.com\/wp-content\/uploads\/2024\/07\/Web-Design-e-Usabilita-maschera.png\" alt=\"\" class=\"wp-image-4568\" style=\"width:800px;height:auto\" srcset=\"https:\/\/www.ioho.com\/wp-content\/uploads\/2024\/07\/Web-Design-e-Usabilita-maschera.png 640w, https:\/\/www.ioho.com\/wp-content\/uploads\/2024\/07\/Web-Design-e-Usabilita-maschera-300x225.png 300w\" sizes=\"(max-width: 640px) 100vw, 640px\" \/><\/figure>\n\n\n\n<p><\/p>\n\n\n\n<h2 class=\"wp-block-heading\">Tecnologia Magento<\/h2>\n\n\n\n<p>IOHO Srl ha scelto da molti anni Magento ed \u00e8 uno dei primi partner ufficiali di Magento in Italia. In IOHO Srl utilizziamo solo sviluppatori certificati da Magento e sviluppiamo progetti sia sulla versione open-source Magento Community che su licenza Magento Enterprise.<\/p>\n\n\n\n<p>Ai servizi di sviluppo su Magento, IOHO Srl affianca piani di manutenzione e assistenza e una proposta di hosting ad alte prestazioni ottimizzato per Magento basato su Google Cloud, di cui IOHO Srl \u00e8 il primo partner italiano nel settore e-commerce.<\/p>\n\n\n\n<p>Che la vostra esigenza sia sviluppare un nuovo sito Magento, fare manutenzione e migliorie su un sito esistente, produrre dei nuovi moduli Magento o migliorare le prestazioni e l&#8217;affidabilit\u00e0 del vostro sito Magento, IOHO Srl \u00e8 il partner ideale perch\u00e8 fortemente specializzato e dedicato unicamente alla tecnologia Magento<\/p>\n\n\n\n<figure class=\"wp-block-image size-full\"><img decoding=\"async\" width=\"640\" height=\"480\" src=\"https:\/\/www.ioho.com\/wp-content\/uploads\/2024\/07\/Tecnologia-maschera.png\" alt=\"\" class=\"wp-image-4572\" srcset=\"https:\/\/www.ioho.com\/wp-content\/uploads\/2024\/07\/Tecnologia-maschera.png 640w, https:\/\/www.ioho.com\/wp-content\/uploads\/2024\/07\/Tecnologia-maschera-300x225.png 300w\" sizes=\"(max-width: 640px) 100vw, 640px\" \/><\/figure>\n\n\n\n<p><\/p>\n\n\n\n<h2 class=\"wp-block-heading\">Logistica E-Commerce e Spedizioni<\/h2>\n\n\n\n<p>Le logistiche aziendali, sia proprietarie che di partner, sono spesso ottimizzate per il B2B e poco adatte a gestire piccoli ordini con elevati livelli di servizio e resi frequenti.<\/p>\n\n\n\n<p>In IOHO Srl abbiamo sviluppato moduli di integrazione tra Magento e i principali corrieri operanti in Italia e possiamo integrare Magento con qualsiasi software di logistica e gestione magazzino.<\/p>\n\n\n\n<p>Per i clienti che necessitano di servizi di gestione in outsourcing della logistica possiamo offrire diverse soluzioni, sia proprietarie che di partner, per ogni tipo di esigenza logistica e per diverse localizzazioni geografiche: magazzini per capo appeso, a temperatura controllata, per alimentari sia in Italia che in altri paesi europei ed extra-europei.<\/p>\n\n\n\n<figure class=\"wp-block-image size-full\"><img decoding=\"async\" width=\"640\" height=\"480\" src=\"https:\/\/www.ioho.com\/wp-content\/uploads\/2024\/07\/Logistica-e-Spedizioni-maschera.png\" alt=\"\" class=\"wp-image-4577\" srcset=\"https:\/\/www.ioho.com\/wp-content\/uploads\/2024\/07\/Logistica-e-Spedizioni-maschera.png 640w, https:\/\/www.ioho.com\/wp-content\/uploads\/2024\/07\/Logistica-e-Spedizioni-maschera-300x225.png 300w\" sizes=\"(max-width: 640px) 100vw, 640px\" \/><\/figure>\n\n\n\n<p><\/p>\n\n\n\n<h2 class=\"wp-block-heading\">Customer Service<\/h2>\n\n\n\n<p>Possiamo integrare Magento con tool avanzati per la gestione del servizio clienti multicanale utilizzando email, canali social, call back e chat o con il vostro software di CRM.<\/p>\n\n\n\n<p>Creiamo per il vostro sito Magento aree di supporto per la gestione di FAQ, knowledge base, forum utenti, customer suggestion, gestione resi e tutte le funzionalit\u00e0 che riteniate necessarie per garantire un ottimo servizio ai vostri clienti.<\/p>\n\n\n\n<p>Ai clienti in outsourcing possiamo offrire servizi di supporto clienti via mail, chat e telefono, multilingua, con base in Italia, Europa, USA e Cina.<\/p>\n\n\n\n<figure class=\"wp-block-image size-full\"><img decoding=\"async\" width=\"640\" height=\"480\" src=\"https:\/\/www.ioho.com\/wp-content\/uploads\/2024\/07\/Customer-Care-maschera.png\" alt=\"\" class=\"wp-image-4579\" srcset=\"https:\/\/www.ioho.com\/wp-content\/uploads\/2024\/07\/Customer-Care-maschera.png 640w, https:\/\/www.ioho.com\/wp-content\/uploads\/2024\/07\/Customer-Care-maschera-300x225.png 300w\" sizes=\"(max-width: 640px) 100vw, 640px\" \/><\/figure>\n\n\n\n<p><\/p>\n\n\n\n<h2 class=\"wp-block-heading\">Gestione Catalogo E-Commerce<\/h2>\n\n\n\n<p>La gestione del catalogo \u00e8 una delle attivit\u00e0 fondamentali di un sito e-commerce e il principale strumento a disposizione dell&#8217;azienda per comunicare le caratteristiche e il valore del prodotto.<\/p>\n\n\n\n<p>Perch\u00e8 il sito sia efficace servono descrizioni chiare, caratteristiche tecniche del prodotto dettagliate, foto del prodotto da viste diverse, sia d&#8217;insieme che dei dettagli pi\u00f9 significativi e traduzioni professionali per le versioni del sito in altre lingue.<\/p>\n\n\n\n<p>Possiamo supportarvi sia nella fase di lancio di un nuovo sito che nelle attivit\u00e0 di manutenzione continuativa del catalogo prodotti con un servizio di realizzazione di schede e foto prodotto che coniughi qualit\u00e0 elevata con tempi e costi di realizzazione compatibili con la sostenibilit\u00e0 economica del progetto di vendita online.<\/p>\n\n\n\n<figure class=\"wp-block-image size-full\"><img decoding=\"async\" width=\"640\" height=\"480\" src=\"https:\/\/www.ioho.com\/wp-content\/uploads\/2024\/07\/La-gestione-del-catalogo-e-una-delle-attivita-fondamentali-di-un-sito-e-commerce-e-il-principale-strumento-a-disposizione-dellazienda-per-comunicare-le-caratteristiche-e-il-valore-del-prodotto.png\" alt=\"\" class=\"wp-image-4581\" srcset=\"https:\/\/www.ioho.com\/wp-content\/uploads\/2024\/07\/La-gestione-del-catalogo-e-una-delle-attivita-fondamentali-di-un-sito-e-commerce-e-il-principale-strumento-a-disposizione-dellazienda-per-comunicare-le-caratteristiche-e-il-valore-del-prodotto.png 640w, https:\/\/www.ioho.com\/wp-content\/uploads\/2024\/07\/La-gestione-del-catalogo-e-una-delle-attivita-fondamentali-di-un-sito-e-commerce-e-il-principale-strumento-a-disposizione-dellazienda-per-comunicare-le-caratteristiche-e-il-valore-del-prodotto-300x225.png 300w\" sizes=\"(max-width: 640px) 100vw, 640px\" \/><\/figure>\n\n\n\n<p><\/p>\n\n\n\n<h2 class=\"wp-block-heading\">Incassi e Fatturazione<\/h2>\n\n\n\n<p>Scelta, implementazione e gestione dei sistemi di pagamento online sono una parte delicata del processo di realizzazione di un progetto e-commerce.<\/p>\n\n\n\n<p>IOHO Srl ha realizzato integrazioni con molti dei pi\u00f9 diffusi sistemi di pagamento italiani come Banca Sella, Carta Si, Setefi, BNL e con sistemi di pagamento internazionali sia globali che locali e pu\u00f2 assistervi nella scelta e implementazione dei sistemi pi\u00f9 adatti per il vostro mercato di riferimento.<\/p>\n\n\n\n<figure class=\"wp-block-image size-full\"><img decoding=\"async\" width=\"640\" height=\"480\" src=\"https:\/\/www.ioho.com\/wp-content\/uploads\/2024\/07\/Incassi-e-Fatturazione-maschera.png\" alt=\"\" class=\"wp-image-4583\" srcset=\"https:\/\/www.ioho.com\/wp-content\/uploads\/2024\/07\/Incassi-e-Fatturazione-maschera.png 640w, https:\/\/www.ioho.com\/wp-content\/uploads\/2024\/07\/Incassi-e-Fatturazione-maschera-300x225.png 300w\" sizes=\"(max-width: 640px) 100vw, 640px\" \/><\/figure>\n\n\n\n<p><\/p>\n\n\n\n<h2 class=\"wp-block-heading\">Store Management<\/h2>\n\n\n\n<p>Per garantire il successo della vendita online serve la stessa attenzione che giorno per giorno uno store manager dedica a un negozio fisico: verifica delle scorte, riapprovigionamento, rotazione del prodotto, comunicazione corretta delle promozioni, continua attivit\u00e0 di comunicazione per aumentare la fidelizzazione dei clienti e il tasso di ritorno e riacquisto.<\/p>\n\n\n\n<p>Possiamo implementare sul vostro sito le funzionalit\u00e0 e le soluzioni software che aiutano i vostri operatori a gestire al meglio il vostro sito e-commerce o fornire un servizio di gestione in outsourcing del vostro store online e di tutte le attivit\u00e0 di in-store promotion.<\/p>\n\n\n\n<p>L&#8217;attivit\u00e0 di store management pu\u00f2 essere estesa all&#8217;integrazione e gestione di store su marketplace come Ebay e Amazon<\/p>\n\n\n\n<figure class=\"wp-block-image size-full\"><img decoding=\"async\" width=\"640\" height=\"480\" src=\"https:\/\/www.ioho.com\/wp-content\/uploads\/2024\/07\/Gestione-Store-Online-maschera.png\" alt=\"\" class=\"wp-image-4585\" srcset=\"https:\/\/www.ioho.com\/wp-content\/uploads\/2024\/07\/Gestione-Store-Online-maschera.png 640w, https:\/\/www.ioho.com\/wp-content\/uploads\/2024\/07\/Gestione-Store-Online-maschera-300x225.png 300w\" sizes=\"(max-width: 640px) 100vw, 640px\" \/><\/figure>\n\n\n\n<p><\/p>\n\n\n\n<h2 class=\"wp-block-heading\">Web Marketing<\/h2>\n\n\n\n<p>Le campagne di web marketing di un sito e-commerce sono caratterizzate da un elevato contenuto tecnologico: configurazione di Magento ottimizzata SEO, integrazione con piattaforme di email marketing, integrazione con piattaforme di affiliation, configurazione della web analytics, integrazione con sistemi di retargeting.<\/p>\n\n\n\n<p>Possiamo realizzare l&#8217;implementazione tecnologica delle integrazioni e funzionalit\u00e0 necessarie alle attivit\u00e0 di marketing o gestire, sia direttamente che in collaborazione con i migliori specialisti di ogni settore, campagne di search e social advertising, ottimizzazione SEO, affiliation marketing, digital PR, DEM e lead generation.<\/p>\n\n\n\n<p>Per i clienti in full service il contratto include anche la gestione del budget marketing sulla base di un piano concordato.<\/p>\n\n\n\n<figure class=\"wp-block-image size-full\"><img decoding=\"async\" width=\"640\" height=\"480\" src=\"https:\/\/www.ioho.com\/wp-content\/uploads\/2024\/07\/Gestione-Web-Marketing-maschera.png\" alt=\"\" class=\"wp-image-4587\" srcset=\"https:\/\/www.ioho.com\/wp-content\/uploads\/2024\/07\/Gestione-Web-Marketing-maschera.png 640w, https:\/\/www.ioho.com\/wp-content\/uploads\/2024\/07\/Gestione-Web-Marketing-maschera-300x225.png 300w\" sizes=\"(max-width: 640px) 100vw, 640px\" \/><\/figure>\n\n\n\n<p><\/p>\n\n\n\n<h2 class=\"wp-block-heading\"><br>Formazione su Magento e E-Commerce<\/h2>\n\n\n\n<p>Le attivit\u00e0 di sviluppo tecnologico su Magento sono sempre completate da sessioni di formazione del personale del cliente sull&#8217;utilizzo del backoffice di Magento con lezioni in aula, in remoto o presso la sede dell&#8217;azienda.<\/p>\n\n\n\n<p>In aggiunta alla formazione del personale operativo possono essere pianificati percorsi di formazione relativi alla strategia e-commerce, al business plan e-commerce e al web marketing rivolti a imprenditori e manager atti a diffondere all&#8217;interno dell&#8217;azienda e a tutte le figure chiave gli strumenti necessari per la gestione del canale di vendita online.<\/p>\n\n\n\n<p>I percorsi formativi e di &#8220;training on the job&#8221; possono essere attivati anche per i clienti in outsourcing che desiderino accompagnare un graduale passaggio alla gestione diretta.<\/p>\n\n\n\n<figure class=\"wp-block-image size-full\"><img decoding=\"async\" width=\"640\" height=\"480\" src=\"https:\/\/www.ioho.com\/wp-content\/uploads\/2024\/07\/Formazione-maschera.png\" alt=\"\" class=\"wp-image-4589\" srcset=\"https:\/\/www.ioho.com\/wp-content\/uploads\/2024\/07\/Formazione-maschera.png 640w, https:\/\/www.ioho.com\/wp-content\/uploads\/2024\/07\/Formazione-maschera-300x225.png 300w\" sizes=\"(max-width: 640px) 100vw, 640px\" \/><\/figure>\n","protected":false},"excerpt":{"rendered":"<p>Consulenza E-Commerce Prima ancora di decidere cosa fare e come farlo \u00e8 indispensabile stabilire la propria strategia e-commerce, definire gli obiettivi e i KPI del progetto di vendita online, scegliere il modello di gestione e-commerce pi\u00f9 adatto alle caratteristiche dell&#8217;azienda. Il team di IOHO Srl ha iniziato ad operare nel settore e-commerce nel 1999, in [&hellip;]<\/p>\n","protected":false},"author":1,"featured_media":0,"parent":0,"menu_order":0,"comment_status":"closed","ping_status":"open","template":"","meta":{"inline_featured_image":false,"footnotes":""},"class_list":["post-4646","page","type-page","status-publish","hentry"],"yoast_head":"<!-- This site is optimized with the Yoast SEO plugin v23.2 - https:\/\/yoast.com\/wordpress\/plugins\/seo\/ -->\n<title>Servizi E-commerce su Magento - Tunda.com \/ IOHO Srl partner Magento<\/title>\n<meta name=\"description\" content=\"Tunda.com \/ IOHO Srl \u00e8 un&#039;e-commerce specialist e fornisce servizi e-commerce di consulenza, progettazione, sviluppo, gestione, manutenzione e hosting su Magento\" \/>\n<meta name=\"robots\" content=\"index, follow, max-snippet:-1, max-image-preview:large, max-video-preview:-1\" \/>\n<link rel=\"canonical\" href=\"https:\/\/www.ioho.com\/en\/servizi-e-commerce\/\" \/>\n<meta property=\"og:locale\" content=\"en_US\" \/>\n<meta property=\"og:type\" content=\"article\" \/>\n<meta property=\"og:title\" content=\"Servizi E-commerce su Magento - Tunda.com \/ IOHO Srl partner Magento\" \/>\n<meta property=\"og:description\" content=\"Tunda.com \/ IOHO Srl \u00e8 un&#039;e-commerce specialist e fornisce servizi e-commerce di consulenza, progettazione, sviluppo, gestione, manutenzione e hosting su Magento\" \/>\n<meta property=\"og:url\" content=\"https:\/\/www.ioho.com\/en\/servizi-e-commerce\/\" \/>\n<meta property=\"og:site_name\" content=\"IOHO\" \/>\n<meta property=\"article:modified_time\" content=\"2024-08-06T13:37:34+00:00\" \/>\n<meta property=\"og:image\" content=\"https:\/\/www.ioho.com\/wp-content\/uploads\/2024\/07\/Consulenza-E-Commerce-maschera.png\" \/>\n<meta name=\"twitter:card\" content=\"summary_large_image\" \/>\n<meta name=\"twitter:label1\" content=\"Est. reading time\" \/>\n\t<meta name=\"twitter:data1\" content=\"8 minutes\" \/>\n<script type=\"application\/ld+json\" class=\"yoast-schema-graph\">{\"@context\":\"https:\/\/schema.org\",\"@graph\":[{\"@type\":\"WebPage\",\"@id\":\"https:\/\/www.ioho.com\/en\/servizi-e-commerce\/\",\"url\":\"https:\/\/www.ioho.com\/en\/servizi-e-commerce\/\",\"name\":\"Servizi E-commerce su Magento - Tunda.com \/ IOHO Srl partner Magento\",\"isPartOf\":{\"@id\":\"https:\/\/www.ioho.com\/en\/#website\"},\"primaryImageOfPage\":{\"@id\":\"https:\/\/www.ioho.com\/en\/servizi-e-commerce\/#primaryimage\"},\"image\":{\"@id\":\"https:\/\/www.ioho.com\/en\/servizi-e-commerce\/#primaryimage\"},\"thumbnailUrl\":\"https:\/\/www.ioho.com\/wp-content\/uploads\/2024\/07\/Consulenza-E-Commerce-maschera.png\",\"datePublished\":\"2024-07-30T07:04:45+00:00\",\"dateModified\":\"2024-08-06T13:37:34+00:00\",\"description\":\"Tunda.com \/ IOHO Srl \u00e8 un'e-commerce specialist e fornisce servizi e-commerce di consulenza, progettazione, sviluppo, gestione, manutenzione e hosting su Magento\",\"breadcrumb\":{\"@id\":\"https:\/\/www.ioho.com\/en\/servizi-e-commerce\/#breadcrumb\"},\"inLanguage\":\"en-US\",\"potentialAction\":[{\"@type\":\"ReadAction\",\"target\":[\"https:\/\/www.ioho.com\/en\/servizi-e-commerce\/\"]}]},{\"@type\":\"ImageObject\",\"inLanguage\":\"en-US\",\"@id\":\"https:\/\/www.ioho.com\/en\/servizi-e-commerce\/#primaryimage\",\"url\":\"https:\/\/www.ioho.com\/wp-content\/uploads\/2024\/07\/Consulenza-E-Commerce-maschera.png\",\"contentUrl\":\"https:\/\/www.ioho.com\/wp-content\/uploads\/2024\/07\/Consulenza-E-Commerce-maschera.png\"},{\"@type\":\"BreadcrumbList\",\"@id\":\"https:\/\/www.ioho.com\/en\/servizi-e-commerce\/#breadcrumb\",\"itemListElement\":[{\"@type\":\"ListItem\",\"position\":1,\"name\":\"Home\",\"item\":\"https:\/\/www.ioho.com\/en\/home\/\"},{\"@type\":\"ListItem\",\"position\":2,\"name\":\"Servizi e-commerce\"}]},{\"@type\":\"WebSite\",\"@id\":\"https:\/\/www.ioho.com\/en\/#website\",\"url\":\"https:\/\/www.ioho.com\/en\/\",\"name\":\"IOHO\",\"description\":\"\",\"potentialAction\":[{\"@type\":\"SearchAction\",\"target\":{\"@type\":\"EntryPoint\",\"urlTemplate\":\"https:\/\/www.ioho.com\/en\/?s={search_term_string}\"},\"query-input\":\"required name=search_term_string\"}],\"inLanguage\":\"en-US\"}]}<\/script>\n<!-- \/ Yoast SEO plugin. -->","yoast_head_json":{"title":"Servizi E-commerce su Magento - Tunda.com \/ IOHO Srl partner Magento","description":"Tunda.com \/ IOHO Srl \u00e8 un'e-commerce specialist e fornisce servizi e-commerce di consulenza, progettazione, sviluppo, gestione, manutenzione e hosting su Magento","robots":{"index":"index","follow":"follow","max-snippet":"max-snippet:-1","max-image-preview":"max-image-preview:large","max-video-preview":"max-video-preview:-1"},"canonical":"https:\/\/www.ioho.com\/en\/servizi-e-commerce\/","og_locale":"en_US","og_type":"article","og_title":"Servizi E-commerce su Magento - Tunda.com \/ IOHO Srl partner Magento","og_description":"Tunda.com \/ IOHO Srl \u00e8 un'e-commerce specialist e fornisce servizi e-commerce di consulenza, progettazione, sviluppo, gestione, manutenzione e hosting su Magento","og_url":"https:\/\/www.ioho.com\/en\/servizi-e-commerce\/","og_site_name":"IOHO","article_modified_time":"2024-08-06T13:37:34+00:00","og_image":[{"url":"https:\/\/www.ioho.com\/wp-content\/uploads\/2024\/07\/Consulenza-E-Commerce-maschera.png"}],"twitter_card":"summary_large_image","twitter_misc":{"Est. reading time":"8 minutes"},"schema":{"@context":"https:\/\/schema.org","@graph":[{"@type":"WebPage","@id":"https:\/\/www.ioho.com\/en\/servizi-e-commerce\/","url":"https:\/\/www.ioho.com\/en\/servizi-e-commerce\/","name":"Servizi E-commerce su Magento - Tunda.com \/ IOHO Srl partner Magento","isPartOf":{"@id":"https:\/\/www.ioho.com\/en\/#website"},"primaryImageOfPage":{"@id":"https:\/\/www.ioho.com\/en\/servizi-e-commerce\/#primaryimage"},"image":{"@id":"https:\/\/www.ioho.com\/en\/servizi-e-commerce\/#primaryimage"},"thumbnailUrl":"https:\/\/www.ioho.com\/wp-content\/uploads\/2024\/07\/Consulenza-E-Commerce-maschera.png","datePublished":"2024-07-30T07:04:45+00:00","dateModified":"2024-08-06T13:37:34+00:00","description":"Tunda.com \/ IOHO Srl \u00e8 un'e-commerce specialist e fornisce servizi e-commerce di consulenza, progettazione, sviluppo, gestione, manutenzione e hosting su Magento","breadcrumb":{"@id":"https:\/\/www.ioho.com\/en\/servizi-e-commerce\/#breadcrumb"},"inLanguage":"en-US","potentialAction":[{"@type":"ReadAction","target":["https:\/\/www.ioho.com\/en\/servizi-e-commerce\/"]}]},{"@type":"ImageObject","inLanguage":"en-US","@id":"https:\/\/www.ioho.com\/en\/servizi-e-commerce\/#primaryimage","url":"https:\/\/www.ioho.com\/wp-content\/uploads\/2024\/07\/Consulenza-E-Commerce-maschera.png","contentUrl":"https:\/\/www.ioho.com\/wp-content\/uploads\/2024\/07\/Consulenza-E-Commerce-maschera.png"},{"@type":"BreadcrumbList","@id":"https:\/\/www.ioho.com\/en\/servizi-e-commerce\/#breadcrumb","itemListElement":[{"@type":"ListItem","position":1,"name":"Home","item":"https:\/\/www.ioho.com\/en\/home\/"},{"@type":"ListItem","position":2,"name":"Servizi e-commerce"}]},{"@type":"WebSite","@id":"https:\/\/www.ioho.com\/en\/#website","url":"https:\/\/www.ioho.com\/en\/","name":"IOHO","description":"","potentialAction":[{"@type":"SearchAction","target":{"@type":"EntryPoint","urlTemplate":"https:\/\/www.ioho.com\/en\/?s={search_term_string}"},"query-input":"required name=search_term_string"}],"inLanguage":"en-US"}]}},"_links":{"self":[{"href":"https:\/\/www.ioho.com\/en\/wp-json\/wp\/v2\/pages\/4646"}],"collection":[{"href":"https:\/\/www.ioho.com\/en\/wp-json\/wp\/v2\/pages"}],"about":[{"href":"https:\/\/www.ioho.com\/en\/wp-json\/wp\/v2\/types\/page"}],"author":[{"embeddable":true,"href":"https:\/\/www.ioho.com\/en\/wp-json\/wp\/v2\/users\/1"}],"replies":[{"embeddable":true,"href":"https:\/\/www.ioho.com\/en\/wp-json\/wp\/v2\/comments?post=4646"}],"version-history":[{"count":2,"href":"https:\/\/www.ioho.com\/en\/wp-json\/wp\/v2\/pages\/4646\/revisions"}],"predecessor-version":[{"id":4798,"href":"https:\/\/www.ioho.com\/en\/wp-json\/wp\/v2\/pages\/4646\/revisions\/4798"}],"wp:attachment":[{"href":"https:\/\/www.ioho.com\/en\/wp-json\/wp\/v2\/media?parent=4646"}],"curies":[{"name":"wp","href":"https:\/\/api.w.org\/{rel}","templated":true}]}}