{"id":3,"date":"2020-10-17T14:26:02","date_gmt":"2020-10-17T12:26:02","guid":{"rendered":"https:\/\/www.ioho.com\/\/?page_id=3"},"modified":"2023-05-12T10:08:38","modified_gmt":"2023-05-12T08:08:38","slug":"privacy-policy","status":"publish","type":"page","link":"https:\/\/www.ioho.com\/en\/privacy-policy\/","title":{"rendered":"Privacy Policy"},"content":{"rendered":"<section  class='av_textblock_section av-kgtabqf8-c009c443b56b92909cecdf778e2ab33a'  itemscope=\"itemscope\" itemtype=\"https:\/\/schema.org\/CreativeWork\" ><div class='avia_textblock'  itemprop=\"text\" ><p>INFORMATIVA PRIVACY<\/p>\n<p>La protezione della privacy degli utenti \u00e8 importante per IOHO Srl. Questa informativa descrive in che modo IOHO raccoglie, utilizza e divulga le informazioni personali fornite dagli utenti quando utilizzano il sito ioho.com (di seguito, il \u201cSito Web\u201d).<\/p>\n<h4>1.\u00a0\u00a0\u00a0\u00a0\u00a0 Titolare<\/h4>\n<p>IOHO srl, con sede in VIA DELLA POSTA 9 \u2013 BRESCIA (BS) \u2013 25122, email privacy@ioho.com, \u00e8 il Titolare relativamente ai dati personali che gli utenti forniscono a IOHO attraverso il Sito Web.<\/p>\n<h4>2.\u00a0\u00a0\u00a0\u00a0\u00a0 Tipologie di dati e finalit\u00e0 e modalit\u00e0 di trattamento<\/h4>\n<h4>2.1.\u00a0\u00a0\u00a0\u00a0\u00a0 Informazioni raccolte automaticamente attraverso il sito web<\/h4>\n<p>Il Sito Web raccoglie automaticamente alcune informazioni sugli utenti, quali la data e la durata della connessione al Sito Web, l\u2019indirizzo Internet utilizzato per connettersi al Sito Web, il sistema operativo in uso e le pagine e le immagini dal Sito Web che sono state visualizzate.<\/p>\n<p>Il Sito Web inoltre salva sui dispositivi degli utenti dei cookie, secondo quanto meglio descritto nella cookie policy al punto\u00a03.<\/p>\n<p>Finalit\u00e0 e base giuridica del trattamento di tali dati \u00e8 il legittimo interesse del Titolare di amministrare e garantire la sicurezza del sito Web e di elaborare statistiche per migliorare il Sito Web medesimo.<\/p>\n<p>La comunicazione dei dati avviene automaticamente ed \u00e8 necessaria per consentire la navigazione sul Sito Web.<\/p>\n<p>I dati di navigazione sono cancellati subito dopo la relativa elaborazione statistica e in ogni caso non vengono conservati per oltre 30 giorni dal momento della raccolta, salvo che la loro ulteriore conservazione non si renda necessaria per l\u2019accertamento di reati; in forma aggregata ed anonimizzata potranno essere divulgati a terzi e archiviati in modo permanente per scopi futuri.<\/p>\n<h4>2.2.\u00a0\u00a0\u00a0\u00a0\u00a0 Dati personali forniti dall\u2019utente<\/h4>\n<p>Tramite gli appositi form\/moduli di contatto del Sito Web, l\u2019utente potr\u00e0 fornire volontariamente i propri dati personali per chiedere o fornire informazioni o per formulare richieste in relazione a prodotti e\/o servizi di IOHO.<\/p>\n<p>Finalit\u00e0 e basi giuridiche del trattamento di tali dati sono: <em>(a)<\/em> la necessit\u00e0 di soddisfare le possibili richieste dell\u2019utente prima di stipulare un eventuale contratto con IOHO; <em>(b)<\/em> l\u2019interesse legittimo di IOHO a fini di marketing diretto, per consentire all\u2019utente di ricevere ulteriore materiale commerciale sui prodotti e servizi di IOHO sui quali ha richiesto informazioni e\/o su prodotti e servizi simili.<\/p>\n<p>La comunicazione dei dati \u00e8 facoltativa, ma il rifiuto di fornire a IOHO i dati personali per le finalit\u00e0 sopraindicate implicher\u00e0 che IOHO non potr\u00e0 soddisfare le richieste dell\u2019utente.<\/p>\n<p>I dati personali saranno conservati per 10 anni (o fino alla revoca del consenso, relativamente ai dati forniti per l\u2019iscrizione alla newsletter) in conformit\u00e0 con le finalit\u00e0 descritte nella presente Informativa sulla privacy. In ogni caso, IOHO pu\u00f2 conservare tutti o alcuni dati personali per un periodo pi\u00f9 lungo se necessario, anche in via potenziale, per l\u2019accertamento, l\u2019esercizio o la difesa di un diritto in sede giudiziaria.<\/p>\n<p>IOHO non raccoglie dati personali di minori. Gli utenti minorenni non devono inviare o pubblicare alcun dato tramite i form presenti sul Sito Web.<\/p>\n<h4>2.3.\u00a0\u00a0\u00a0\u00a0\u00a0 Comunicazione dei dati personali dell\u2019utente<\/h4>\n<p>I dati personali verranno conservati e trattati in server e sistemi informatici situati all\u2019interno del territorio UE.<\/p>\n<p>Lo staff di IOHO pu\u00f2 venire a conoscenza dei dati personali degli utenti del Sito Web. In particolare, i dati possono essere comunicati sotto la responsabilit\u00e0 del Titolare del trattamento o del Responsabile (ove nominato): al personale che si occupa della riparazione e manutenzione dei sistemi IT, al personale commerciale e al personale responsabile della fatturazione e della contabilit\u00e0. In nessun caso i dati personali saranno diffusi e \/ o comunicati a terzi.<\/p>\n<h4>2.4.\u00a0\u00a0\u00a0\u00a0\u00a0 Correttezza dei dati dell\u2019utente<\/h4>\n<p>Entro limiti ragionevoli, IOHO si impegner\u00e0 a garantire che i dati personali degli utenti siano accurati e completi. \u00c8 possibile aiutare IOHO a conservare informazioni corrette ed aggiornate informando l\u2019azienda di eventuali modifiche ai propri dati personali.<\/p>\n<h4>3.\u00a0\u00a0\u00a0\u00a0\u00a0 Cookie policy<\/h4>\n<p>IOHO utilizza i cookie in modo che gli utenti possano godere della migliore esperienza possibile sul Sito Web.<\/p>\n<h4>3.1.\u00a0\u00a0\u00a0\u00a0\u00a0 Che cosa sono i cookie?<\/h4>\n<p>Un cookie \u00e8 un piccolo file fatto di numeri e lettere che viene salvato sul dispositivo dell\u2019utente. Le funzioni del Sito Web saranno limitate se si rifiuta di accettare i cookie.<\/p>\n<h4>3.2.\u00a0\u00a0\u00a0\u00a0\u00a0 Quanto tempo rimarranno i cookie sul computer?<\/h4>\n<p>Questo Sito Web utilizza cookie di sessione e cookie persistenti.<\/p>\n<ul>\n<li><em>cookie di sessione<\/em>: si tratta di cookie temporanei che rimarranno sul dispositivo dell\u2019utente fino a quando non lascia il Sito Web.<\/li>\n<li><em>cookie persistenti<\/em>: questi cookie verranno salvati fino a quando l\u2019utente non li canceller\u00e0 o raggiungeranno la data di scadenza.<\/li>\n<\/ul>\n<h4>3.3.\u00a0\u00a0\u00a0\u00a0\u00a0 Quali cookie vengono utilizzati da questo Sito Web?<\/h4>\n<p>Vi sono varie tipologie di cookie in relazione alla loro finalit\u00e0. Questo Sito Web utilizza unicamente:<\/p>\n<ul>\n<li><em>cookie tecnici<\/em>, necessari per il corretto e sicuro funzionamento del Sito Web, utilizzati per il monitoraggio delle sessioni e memorizzazione di informazioni specifiche sugli utenti che accedono alle pagina del Sito (ed esempio la lingua utilizzata);<\/li>\n<li><em>cookie analitici di terze parti<\/em> con l\u2019adozione di strumenti (mascheratura dell\u2019indirizzo IP) che riducono il potere identificativo dei cookie e senza che le terze parti possano incrociare le informazioni raccolte con altre di cui gi\u00e0 dispongono; tali cookie vengono utilizzati esclusivamente per raccogliere informazioni, in forma aggregata, sul numero degli utenti e su come questi visitano il sito stesso, e quindi elaborare statistiche generali sul servizio e sul suo utilizzo. In particolare, consentono di riconoscere e contare il numero di visitatori del Sito Web e fornire altre informazioni su ciascuna visita, come la durata, il percorso di navigazione attraverso le pagine del Sito Web e le pagine da cui la visita ha avuto origine. Queste informazioni aiutano a produrre statistiche su come le persone utilizzano il Sito Web al fine di migliorare la gestione del Sito Web stesso, velocizzare le ricerche, offrire un\u2019esperienza online migliore, rendere il Sito Web pi\u00f9 facile da usare. Ad esempio, consentono al Titolare del Sito Web di assicurarsi che l\u2019utente possa trovare facilmente le informazioni di cui hai bisogno.<\/li>\n<\/ul>\n<h4>3.4.\u00a0\u00a0\u00a0\u00a0\u00a0 Come si possono gestire i cookie?<\/h4>\n<p>Le impostazioni iniziali della maggior parte dei browser Internet consentono di accettare automaticamente i cookie. A meno che siano state modificate le impostazioni del browser per bloccare i cookie, il web server invier\u00e0 cookie quando verr\u00e0 aperto il Sito Web. L\u2019utente pu\u00f2 rifiutare i cookie modificando le corrispondenti impostazioni nel browser. Va tenuto presente che impostare il browser per rifiutare i cookie (in particolare i \u2018Cookie tecnici\u2019 come descritti in questa Cookie Policy) pu\u00f2 influire sulle prestazioni del Sito Web e potrebbe impedire l\u2019accesso ad alcune parti di esso. Se si utilizzano dispositivi diversi per accedere al Sito Web (come computer e telefoni cellulari), sar\u00e0 necessario verificare le impostazioni di ciascun browser su ciascun dispositivo per assicurarsi che corrispondano alle proprie preferenze per i cookie. Gli utenti di telefoni cellulari potrebbero dover consultare le istruzioni per i loro telefoni per trovare ulteriori informazioni su come bloccare i cookie utilizzando i loro browser mobili.<\/p>\n<h4>4.\u00a0\u00a0\u00a0\u00a0\u00a0 Altri siti web<\/h4>\n<p>Il Sito Web pu\u00f2 contenere collegamenti ad altri Siti Web o risorse Internet. Se si fa clic su uno di questi link, si accede a un sito web separato. IOHO non ha alcuna responsabilit\u00e0 o controllo su questi siti web o sulle azioni che possono intraprendere per raccogliere, utilizzare e divulgare i dati personali dell\u2019utente.<\/p>\n<h4>5.\u00a0\u00a0\u00a0\u00a0\u00a0 Modifiche<\/h4>\n<p>Questa informativa pu\u00f2 essere occasionalmente modificata a discrezione di IOHO, al fine di adattarla ai cambiamenti all\u2019interno di IOHO, agli sviluppi tecnologici in corso e alle modifiche legislative.<\/p>\n<p>Gli utenti riceveranno una notifica su queste modifiche attraverso l\u2019indirizzo email che hanno precedentemente fornito a IOHO.<\/p>\n<p>IOHO raccoglier\u00e0, utilizzer\u00e0 e divulgher\u00e0 i dati personali degli utenti in conformit\u00e0 con la versione di questa informativa di volta in volta in vigore. Tutte le nuove versioni dell\u2019Informativa saranno pubblicate sul Sito Web. Quando si utilizza il Sito Web, si consiglia di controllare la data dell\u2019Informativa e le eventuali modifiche apportate dall\u2019ultima versione, nonch\u00e9 di aggiungere questa pagina ai segnalibri e controllare regolarmente l\u2019Informativa vigente in modo da essere sempre a conoscenza della versione in uso.<\/p>\n<h4>6.\u00a0\u00a0\u00a0\u00a0\u00a0 Diritti dell\u2019utente<\/h4>\n<p>In conformit\u00e0 con gli articoli 7, 13, 15, 16, 17, 18, 19, 20, 21, 22 del Regolamento UE 679\/2016 \u00e8 possibile, in qualsiasi momento, esercitare i seguenti diritti, contattando IOHO all\u2019indirizzo privacy@ioho.com:<\/p>\n<ul>\n<li>il diritto di revocare il consenso in qualsiasi momento senza pregiudicare la liceit\u00e0 del trattamento basata sul consenso prestato prima della revoca;<\/li>\n<li>il diritto di ottenere dal Titolare del trattamento la conferma che sia o meno in corso un trattamento di dati personali che riguardano l\u2019interessato;<\/li>\n<li>il diritto di ottenere l\u2019accesso ai propri dati personali;<\/li>\n<li>il diritto di richiedere al Titolare la rettifica o la cancellazione dei propri dati personali;<\/li>\n<li>il diritto di richiedere al Titolare la limitazione del trattamento dei dati personali;<\/li>\n<li>il diritto di opporsi al trattamento dei dati personali;<\/li>\n<li>il diritto di ricevere i propri dati personali forniti al Titolare in un formato strutturato, comunemente usato e leggibile da un dispositivo automatico e il diritto di trasmettere tali dati a un altro Titolare senza impedimenti da parte del Titolare a cui i dati personali sono stati forniti (portabilit\u00e0 dei dati).<\/li>\n<li>Inoltre, nel caso in cui si ritenga che i propri diritti non siano stati rispettati, \u00e8 possibile presentare un reclamo all\u2019autorit\u00e0 di controllo competente (Autorit\u00e0 Garante per la protezione dei dati personali, Piazza di Montecitorio n.\u00a0121, 00186, Roma <a href=\"http:\/\/www.garanteprivacy.it\">garanteprivacy.it<\/a>).<\/li>\n<\/ul>\n<\/div><\/section>\n","protected":false},"excerpt":{"rendered":"","protected":false},"author":1,"featured_media":0,"parent":0,"menu_order":0,"comment_status":"closed","ping_status":"open","template":"","meta":{"inline_featured_image":false,"footnotes":""},"class_list":["post-3","page","type-page","status-publish","hentry"],"yoast_head":"<!-- This site is optimized with the Yoast SEO plugin v23.2 - https:\/\/yoast.com\/wordpress\/plugins\/seo\/ -->\n<title>Privacy Policy - IOHO<\/title>\n<meta name=\"robots\" content=\"index, follow, max-snippet:-1, max-image-preview:large, max-video-preview:-1\" \/>\n<link rel=\"canonical\" href=\"https:\/\/www.ioho.com\/en\/privacy-policy\/\" \/>\n<meta property=\"og:locale\" content=\"en_US\" \/>\n<meta property=\"og:type\" content=\"article\" \/>\n<meta property=\"og:title\" content=\"Privacy Policy - IOHO\" \/>\n<meta property=\"og:url\" content=\"https:\/\/www.ioho.com\/en\/privacy-policy\/\" \/>\n<meta property=\"og:site_name\" content=\"IOHO\" \/>\n<meta property=\"article:modified_time\" content=\"2023-05-12T08:08:38+00:00\" \/>\n<meta name=\"twitter:card\" content=\"summary_large_image\" \/>\n<meta name=\"twitter:label1\" content=\"Est. reading time\" \/>\n\t<meta name=\"twitter:data1\" content=\"8 minutes\" \/>\n<script type=\"application\/ld+json\" class=\"yoast-schema-graph\">{\"@context\":\"https:\/\/schema.org\",\"@graph\":[{\"@type\":\"WebPage\",\"@id\":\"https:\/\/www.ioho.com\/en\/privacy-policy\/\",\"url\":\"https:\/\/www.ioho.com\/en\/privacy-policy\/\",\"name\":\"Privacy Policy - IOHO\",\"isPartOf\":{\"@id\":\"https:\/\/www.ioho.com\/en\/#website\"},\"datePublished\":\"2020-10-17T12:26:02+00:00\",\"dateModified\":\"2023-05-12T08:08:38+00:00\",\"breadcrumb\":{\"@id\":\"https:\/\/www.ioho.com\/en\/privacy-policy\/#breadcrumb\"},\"inLanguage\":\"en-US\",\"potentialAction\":[{\"@type\":\"ReadAction\",\"target\":[\"https:\/\/www.ioho.com\/en\/privacy-policy\/\"]}]},{\"@type\":\"BreadcrumbList\",\"@id\":\"https:\/\/www.ioho.com\/en\/privacy-policy\/#breadcrumb\",\"itemListElement\":[{\"@type\":\"ListItem\",\"position\":1,\"name\":\"Home\",\"item\":\"https:\/\/www.ioho.com\/en\/home\/\"},{\"@type\":\"ListItem\",\"position\":2,\"name\":\"Privacy Policy\"}]},{\"@type\":\"WebSite\",\"@id\":\"https:\/\/www.ioho.com\/en\/#website\",\"url\":\"https:\/\/www.ioho.com\/en\/\",\"name\":\"IOHO\",\"description\":\"\",\"potentialAction\":[{\"@type\":\"SearchAction\",\"target\":{\"@type\":\"EntryPoint\",\"urlTemplate\":\"https:\/\/www.ioho.com\/en\/?s={search_term_string}\"},\"query-input\":\"required name=search_term_string\"}],\"inLanguage\":\"en-US\"}]}<\/script>\n<!-- \/ Yoast SEO plugin. -->","yoast_head_json":{"title":"Privacy Policy - IOHO","robots":{"index":"index","follow":"follow","max-snippet":"max-snippet:-1","max-image-preview":"max-image-preview:large","max-video-preview":"max-video-preview:-1"},"canonical":"https:\/\/www.ioho.com\/en\/privacy-policy\/","og_locale":"en_US","og_type":"article","og_title":"Privacy Policy - IOHO","og_url":"https:\/\/www.ioho.com\/en\/privacy-policy\/","og_site_name":"IOHO","article_modified_time":"2023-05-12T08:08:38+00:00","twitter_card":"summary_large_image","twitter_misc":{"Est. reading time":"8 minutes"},"schema":{"@context":"https:\/\/schema.org","@graph":[{"@type":"WebPage","@id":"https:\/\/www.ioho.com\/en\/privacy-policy\/","url":"https:\/\/www.ioho.com\/en\/privacy-policy\/","name":"Privacy Policy - IOHO","isPartOf":{"@id":"https:\/\/www.ioho.com\/en\/#website"},"datePublished":"2020-10-17T12:26:02+00:00","dateModified":"2023-05-12T08:08:38+00:00","breadcrumb":{"@id":"https:\/\/www.ioho.com\/en\/privacy-policy\/#breadcrumb"},"inLanguage":"en-US","potentialAction":[{"@type":"ReadAction","target":["https:\/\/www.ioho.com\/en\/privacy-policy\/"]}]},{"@type":"BreadcrumbList","@id":"https:\/\/www.ioho.com\/en\/privacy-policy\/#breadcrumb","itemListElement":[{"@type":"ListItem","position":1,"name":"Home","item":"https:\/\/www.ioho.com\/en\/home\/"},{"@type":"ListItem","position":2,"name":"Privacy Policy"}]},{"@type":"WebSite","@id":"https:\/\/www.ioho.com\/en\/#website","url":"https:\/\/www.ioho.com\/en\/","name":"IOHO","description":"","potentialAction":[{"@type":"SearchAction","target":{"@type":"EntryPoint","urlTemplate":"https:\/\/www.ioho.com\/en\/?s={search_term_string}"},"query-input":"required name=search_term_string"}],"inLanguage":"en-US"}]}},"_links":{"self":[{"href":"https:\/\/www.ioho.com\/en\/wp-json\/wp\/v2\/pages\/3"}],"collection":[{"href":"https:\/\/www.ioho.com\/en\/wp-json\/wp\/v2\/pages"}],"about":[{"href":"https:\/\/www.ioho.com\/en\/wp-json\/wp\/v2\/types\/page"}],"author":[{"embeddable":true,"href":"https:\/\/www.ioho.com\/en\/wp-json\/wp\/v2\/users\/1"}],"replies":[{"embeddable":true,"href":"https:\/\/www.ioho.com\/en\/wp-json\/wp\/v2\/comments?post=3"}],"version-history":[{"count":4,"href":"https:\/\/www.ioho.com\/en\/wp-json\/wp\/v2\/pages\/3\/revisions"}],"predecessor-version":[{"id":1206,"href":"https:\/\/www.ioho.com\/en\/wp-json\/wp\/v2\/pages\/3\/revisions\/1206"}],"wp:attachment":[{"href":"https:\/\/www.ioho.com\/en\/wp-json\/wp\/v2\/media?parent=3"}],"curies":[{"name":"wp","href":"https:\/\/api.w.org\/{rel}","templated":true}]}}